{"id":5338,"date":"2025-04-03T15:37:14","date_gmt":"2025-04-03T15:37:14","guid":{"rendered":"http:\/\/lavalleedesrosiers.com\/?page_id=5338"},"modified":"2025-10-19T16:10:53","modified_gmt":"2025-10-19T16:10:53","slug":"verger-pour-lautocueillette","status":"publish","type":"page","link":"https:\/\/lavalleedesrosiers.com\/fr\/activites\/ete\/verger-pour-lautocueillette\/","title":{"rendered":"Verger pour l\u2019autocueillette"},"content":{"rendered":"\t\t<div data-elementor-type=\"wp-page\" data-elementor-id=\"5338\" class=\"elementor elementor-5338\">\n\t\t\t\t\t\t<section class=\"elementor-section elementor-top-section elementor-element elementor-element-5bed227 elementor-section-full_width elementor-section-height-default elementor-section-height-default\" data-id=\"5bed227\" data-element_type=\"section\" data-e-type=\"section\">\n\t\t\t\t\t\t<div class=\"elementor-container elementor-column-gap-no\">\n\t\t\t\t\t<div class=\"elementor-column elementor-col-100 elementor-top-column elementor-element elementor-element-0ae4ee7\" data-id=\"0ae4ee7\" data-element_type=\"column\" data-e-type=\"column\">\n\t\t\t<div class=\"elementor-widget-wrap elementor-element-populated\">\n\t\t\t\t\t\t<section class=\"elementor-section elementor-inner-section elementor-element elementor-element-72d2379 elementor-section-boxed elementor-section-height-default elementor-section-height-default\" data-id=\"72d2379\" data-element_type=\"section\" data-e-type=\"section\">\n\t\t\t\t\t\t<div class=\"elementor-container elementor-column-gap-no\">\n\t\t\t\t\t<div class=\"elementor-column elementor-col-100 elementor-inner-column elementor-element elementor-element-28a4398\" data-id=\"28a4398\" data-element_type=\"column\" data-e-type=\"column\">\n\t\t\t<div class=\"elementor-widget-wrap elementor-element-populated\">\n\t\t\t\t\t\t<div class=\"elementor-element elementor-element-69db11f elementor-widget elementor-widget-naturomegahover\" data-id=\"69db11f\" data-element_type=\"widget\" data-e-type=\"widget\" data-widget_type=\"naturomegahover.default\">\n\t\t\t\t<div class=\"elementor-widget-container\">\n\t\t\t\t\t<div class=\"mega-img-box\"><div class=\"img-1\"><div class=\"mega-hover\"><img decoding=\"async\" src=\"http:\/\/lavalleedesrosiers.com\/wp-content\/uploads\/2025\/07\/264b9db3-5271-4230-8bbb-d3ba1126cc52-1.jpg\" alt=\"264b9db3 5271 4230 8bbb d3ba1126cc52 1\"  class=\"w-100\" \/><\/div><\/div><\/div>\t\t\t\t<\/div>\n\t\t\t\t<\/div>\n\t\t\t\t\t<\/div>\n\t\t<\/div>\n\t\t\t\t\t<\/div>\n\t\t<\/section>\n\t\t\t\t<section class=\"elementor-section elementor-inner-section elementor-element elementor-element-77283f5 elementor-section-boxed elementor-section-height-default elementor-section-height-default\" data-id=\"77283f5\" data-element_type=\"section\" data-e-type=\"section\">\n\t\t\t\t\t\t<div class=\"elementor-container elementor-column-gap-no\">\n\t\t\t\t\t<div class=\"elementor-column elementor-col-100 elementor-inner-column elementor-element elementor-element-4c7cff8\" data-id=\"4c7cff8\" data-element_type=\"column\" data-e-type=\"column\">\n\t\t\t<div class=\"elementor-widget-wrap elementor-element-populated\">\n\t\t\t\t\t\t<div class=\"elementor-element elementor-element-92a47bb elementor-widget elementor-widget-heading\" data-id=\"92a47bb\" data-element_type=\"widget\" data-e-type=\"widget\" data-widget_type=\"heading.default\">\n\t\t\t\t<div class=\"elementor-widget-container\">\n\t\t\t\t\t<h2 class=\"elementor-heading-title elementor-size-default\">Envie de faire le plein de vitamines ?<\/h2>\t\t\t\t<\/div>\n\t\t\t\t<\/div>\n\t\t\t\t<div class=\"elementor-element elementor-element-1eebbce elementor-widget elementor-widget-text-editor\" data-id=\"1eebbce\" data-element_type=\"widget\" data-e-type=\"widget\" data-widget_type=\"text-editor.default\">\n\t\t\t\t<div class=\"elementor-widget-container\">\n\t\t\t\t\t\t\t\t\t<p><strong>On vous attend au domaine Vall\u00e9e Desrosiers !<\/strong><\/p><p>Si vous r\u00eavez de fruits gourmands et gorg\u00e9s de sucre, venez d\u00e9couvrir notre production maison !<\/p><p>Ici, vous trouverez plusieurs vari\u00e9t\u00e9s de pommes, de poires et de prunes, de quoi vous offrir une belles alade de fruits pour toute la saison !<\/p><p><strong>Pour venir les r\u00e9cup\u00e9rer :<\/strong><\/p><ul><li>Poires &gt; fin septembre<\/li><li>Prunes &gt; mi-septembre<\/li><li>Pommes &gt; entre mi-ao\u00fbt et d\u00e9but octobre<\/li><\/ul>\t\t\t\t\t\t\t\t<\/div>\n\t\t\t\t<\/div>\n\t\t\t\t\t<\/div>\n\t\t<\/div>\n\t\t\t\t\t<\/div>\n\t\t<\/section>\n\t\t\t\t<section class=\"elementor-section elementor-inner-section elementor-element elementor-element-96e8617 elementor-section-content-middle elementor-section-boxed elementor-section-height-default elementor-section-height-default\" data-id=\"96e8617\" data-element_type=\"section\" data-e-type=\"section\" data-settings=\"{&quot;background_background&quot;:&quot;classic&quot;}\">\n\t\t\t\t\t\t<div class=\"elementor-container elementor-column-gap-no\">\n\t\t\t\t\t<div class=\"elementor-column elementor-col-100 elementor-inner-column elementor-element elementor-element-e6f38ce\" data-id=\"e6f38ce\" data-element_type=\"column\" data-e-type=\"column\" data-settings=\"{&quot;background_background&quot;:&quot;classic&quot;}\">\n\t\t\t<div class=\"elementor-widget-wrap elementor-element-populated\">\n\t\t\t\t\t\t<div class=\"elementor-element elementor-element-3cf88a9 elementor-widget elementor-widget-heading\" data-id=\"3cf88a9\" data-element_type=\"widget\" data-e-type=\"widget\" data-widget_type=\"heading.default\">\n\t\t\t\t<div class=\"elementor-widget-container\">\n\t\t\t\t\t<h2 class=\"elementor-heading-title elementor-size-default\">Sur rendez-vous seulement<\/h2>\t\t\t\t<\/div>\n\t\t\t\t<\/div>\n\t\t\t\t<div class=\"elementor-element elementor-element-1423a99 elementor-widget elementor-widget-text-editor\" data-id=\"1423a99\" data-element_type=\"widget\" data-e-type=\"widget\" data-widget_type=\"text-editor.default\">\n\t\t\t\t<div class=\"elementor-widget-container\">\n\t\t\t\t\t\t\t\t\t<p><span style=\"color: #fff;\"><span style=\"text-decoration: underline;\">Communiquez avec nous<\/span>, pour de plus amples informations ! <\/span><\/p>\t\t\t\t\t\t\t\t<\/div>\n\t\t\t\t<\/div>\n\t\t\t\t\t<\/div>\n\t\t<\/div>\n\t\t\t\t\t<\/div>\n\t\t<\/section>\n\t\t\t\t<section class=\"elementor-section elementor-inner-section elementor-element elementor-element-23f8096 elementor-section-content-middle elementor-section-boxed elementor-section-height-default elementor-section-height-default\" data-id=\"23f8096\" data-element_type=\"section\" data-e-type=\"section\">\n\t\t\t\t\t\t<div class=\"elementor-container elementor-column-gap-no\">\n\t\t\t\t\t<div class=\"elementor-column elementor-col-33 elementor-inner-column elementor-element elementor-element-82fb2c5\" data-id=\"82fb2c5\" data-element_type=\"column\" data-e-type=\"column\">\n\t\t\t<div class=\"elementor-widget-wrap elementor-element-populated\">\n\t\t\t\t\t\t<div class=\"elementor-element elementor-element-2ccb4ef elementor-widget elementor-widget-naturomegahover\" data-id=\"2ccb4ef\" data-element_type=\"widget\" data-e-type=\"widget\" data-widget_type=\"naturomegahover.default\">\n\t\t\t\t<div class=\"elementor-widget-container\">\n\t\t\t\t\t<div class=\"mega-img-box\"><div class=\"img-1\"><div class=\"mega-hover\"><img decoding=\"async\" src=\"http:\/\/lavalleedesrosiers.com\/wp-content\/uploads\/2025\/07\/24d659db-48e0-41dd-bf6c-b5146a21e91a.jpg\" alt=\"24d659db 48e0 41dd bf6c b5146a21e91a\"  class=\"w-100\" \/><\/div><\/div><\/div>\t\t\t\t<\/div>\n\t\t\t\t<\/div>\n\t\t\t\t\t<\/div>\n\t\t<\/div>\n\t\t\t\t<div class=\"elementor-column elementor-col-33 elementor-inner-column elementor-element elementor-element-d16e4ae\" data-id=\"d16e4ae\" data-element_type=\"column\" data-e-type=\"column\">\n\t\t\t<div class=\"elementor-widget-wrap elementor-element-populated\">\n\t\t\t\t\t\t<div class=\"elementor-element elementor-element-b1cce59 elementor-widget elementor-widget-naturomegahover\" data-id=\"b1cce59\" data-element_type=\"widget\" data-e-type=\"widget\" data-widget_type=\"naturomegahover.default\">\n\t\t\t\t<div class=\"elementor-widget-container\">\n\t\t\t\t\t<div class=\"mega-img-box\"><div class=\"img-1\"><div class=\"mega-hover\"><img decoding=\"async\" src=\"http:\/\/lavalleedesrosiers.com\/wp-content\/uploads\/2025\/07\/dd5a2918-e7af-4112-97b7-00460a06967e.jpg\" alt=\"dd5a2918 e7af 4112 97b7 00460a06967e\"  class=\"w-100\" \/><\/div><\/div><\/div>\t\t\t\t<\/div>\n\t\t\t\t<\/div>\n\t\t\t\t\t<\/div>\n\t\t<\/div>\n\t\t\t\t<div class=\"elementor-column elementor-col-33 elementor-inner-column elementor-element elementor-element-cfb49cf\" data-id=\"cfb49cf\" data-element_type=\"column\" data-e-type=\"column\">\n\t\t\t<div class=\"elementor-widget-wrap\">\n\t\t\t\t\t\t\t<\/div>\n\t\t<\/div>\n\t\t\t\t\t<\/div>\n\t\t<\/section>\n\t\t\t\t\t<\/div>\n\t\t<\/div>\n\t\t\t\t\t<\/div>\n\t\t<\/section>\n\t\t\t\t<\/div>\n\t\t","protected":false},"excerpt":{"rendered":"<p>Envie de faire le plein de vitamines ? On vous attend au domaine Vall\u00e9e Desrosiers ! Si vous r\u00eavez de fruits gourmands et gorg\u00e9s de sucre, venez d\u00e9couvrir notre production maison ! Ici, vous trouverez plusieurs vari\u00e9t\u00e9s de pommes, de poires et de prunes, de quoi vous offrir une belles alade de fruits pour toute&#8230;<\/p>\n","protected":false},"author":1,"featured_media":0,"parent":5126,"menu_order":0,"comment_status":"closed","ping_status":"closed","template":"template-builder.php","meta":{"_monsterinsights_skip_tracking":false,"_monsterinsights_sitenote_active":false,"_monsterinsights_sitenote_note":"","_monsterinsights_sitenote_category":0,"footnotes":""},"class_list":["post-5338","page","type-page","status-publish","hentry"],"aioseo_notices":[],"_links":{"self":[{"href":"https:\/\/lavalleedesrosiers.com\/fr\/wp-json\/wp\/v2\/pages\/5338","targetHints":{"allow":["GET"]}}],"collection":[{"href":"https:\/\/lavalleedesrosiers.com\/fr\/wp-json\/wp\/v2\/pages"}],"about":[{"href":"https:\/\/lavalleedesrosiers.com\/fr\/wp-json\/wp\/v2\/types\/page"}],"author":[{"embeddable":true,"href":"https:\/\/lavalleedesrosiers.com\/fr\/wp-json\/wp\/v2\/users\/1"}],"replies":[{"embeddable":true,"href":"https:\/\/lavalleedesrosiers.com\/fr\/wp-json\/wp\/v2\/comments?post=5338"}],"version-history":[{"count":20,"href":"https:\/\/lavalleedesrosiers.com\/fr\/wp-json\/wp\/v2\/pages\/5338\/revisions"}],"predecessor-version":[{"id":6701,"href":"https:\/\/lavalleedesrosiers.com\/fr\/wp-json\/wp\/v2\/pages\/5338\/revisions\/6701"}],"up":[{"embeddable":true,"href":"https:\/\/lavalleedesrosiers.com\/fr\/wp-json\/wp\/v2\/pages\/5126"}],"wp:attachment":[{"href":"https:\/\/lavalleedesrosiers.com\/fr\/wp-json\/wp\/v2\/media?parent=5338"}],"curies":[{"name":"wp","href":"https:\/\/api.w.org\/{rel}","templated":true}]}}