{"id":5270,"date":"2025-04-03T13:58:46","date_gmt":"2025-04-03T13:58:46","guid":{"rendered":"http:\/\/lavalleedesrosiers.com\/?page_id=5270"},"modified":"2025-12-23T15:57:31","modified_gmt":"2025-12-23T15:57:31","slug":"chasse","status":"publish","type":"page","link":"https:\/\/lavalleedesrosiers.com\/fr\/activites\/automne\/chasse\/","title":{"rendered":"Chasse"},"content":{"rendered":"\t\t<div data-elementor-type=\"wp-page\" data-elementor-id=\"5270\" class=\"elementor elementor-5270\">\n\t\t\t\t\t\t<section class=\"elementor-section elementor-top-section elementor-element elementor-element-5bed227 elementor-section-full_width elementor-section-height-default elementor-section-height-default\" data-id=\"5bed227\" data-element_type=\"section\" data-e-type=\"section\">\n\t\t\t\t\t\t<div class=\"elementor-container elementor-column-gap-no\">\n\t\t\t\t\t<div class=\"elementor-column elementor-col-100 elementor-top-column elementor-element elementor-element-0ae4ee7\" data-id=\"0ae4ee7\" data-element_type=\"column\" data-e-type=\"column\">\n\t\t\t<div class=\"elementor-widget-wrap elementor-element-populated\">\n\t\t\t\t\t\t<section class=\"elementor-section elementor-inner-section elementor-element elementor-element-72d2379 elementor-section-boxed elementor-section-height-default elementor-section-height-default\" data-id=\"72d2379\" data-element_type=\"section\" data-e-type=\"section\">\n\t\t\t\t\t\t<div class=\"elementor-container elementor-column-gap-no\">\n\t\t\t\t\t<div class=\"elementor-column elementor-col-100 elementor-inner-column elementor-element elementor-element-28a4398\" data-id=\"28a4398\" data-element_type=\"column\" data-e-type=\"column\">\n\t\t\t<div class=\"elementor-widget-wrap elementor-element-populated\">\n\t\t\t\t\t\t<div class=\"elementor-element elementor-element-69db11f elementor-widget elementor-widget-naturomegahover\" data-id=\"69db11f\" data-element_type=\"widget\" data-e-type=\"widget\" data-widget_type=\"naturomegahover.default\">\n\t\t\t\t<div class=\"elementor-widget-container\">\n\t\t\t\t\t<div class=\"mega-img-box\"><div class=\"img-1\"><div class=\"mega-hover\"><img decoding=\"async\" src=\"http:\/\/lavalleedesrosiers.com\/wp-content\/uploads\/2025\/06\/chasse.jpg\" alt=\"chasse\"  class=\"w-100\" \/><\/div><\/div><\/div>\t\t\t\t<\/div>\n\t\t\t\t<\/div>\n\t\t\t\t\t<\/div>\n\t\t<\/div>\n\t\t\t\t\t<\/div>\n\t\t<\/section>\n\t\t\t\t<section class=\"elementor-section elementor-inner-section elementor-element elementor-element-77283f5 elementor-section-boxed elementor-section-height-default elementor-section-height-default\" data-id=\"77283f5\" data-element_type=\"section\" data-e-type=\"section\">\n\t\t\t\t\t\t<div class=\"elementor-container elementor-column-gap-no\">\n\t\t\t\t\t<div class=\"elementor-column elementor-col-100 elementor-inner-column elementor-element elementor-element-4c7cff8\" data-id=\"4c7cff8\" data-element_type=\"column\" data-e-type=\"column\">\n\t\t\t<div class=\"elementor-widget-wrap elementor-element-populated\">\n\t\t\t\t\t\t<div class=\"elementor-element elementor-element-92a47bb elementor-widget elementor-widget-heading\" data-id=\"92a47bb\" data-element_type=\"widget\" data-e-type=\"widget\" data-widget_type=\"heading.default\">\n\t\t\t\t<div class=\"elementor-widget-container\">\n\t\t\t\t\t<h2 class=\"elementor-heading-title elementor-size-default\">Pour les chasseurs passionn\u00e9s<\/h2>\t\t\t\t<\/div>\n\t\t\t\t<\/div>\n\t\t\t\t<div class=\"elementor-element elementor-element-9c8839f elementor-widget elementor-widget-text-editor\" data-id=\"9c8839f\" data-element_type=\"widget\" data-e-type=\"widget\" data-widget_type=\"text-editor.default\">\n\t\t\t\t<div class=\"elementor-widget-container\">\n\t\t\t\t\t\t\t\t\t<p>Domaine Vall\u00e9e Desrosiers vous accueille avec plaisir !<\/p><p>Si vous cherchez le terrain id\u00e9al pour une bonne partie de chasse, notre domaine est le lieu parfait pour cela !<\/p><p>Ours, chevreuils, li\u00e8vres, perdrix et autres petits gibiers vous attendent dans plusieurs centaines d\u2019acres de for\u00eat.<\/p>\t\t\t\t\t\t\t\t<\/div>\n\t\t\t\t<\/div>\n\t\t\t\t\t<\/div>\n\t\t<\/div>\n\t\t\t\t\t<\/div>\n\t\t<\/section>\n\t\t\t\t<section class=\"elementor-section elementor-inner-section elementor-element elementor-element-3ee9c81 elementor-section-content-middle elementor-section-boxed elementor-section-height-default elementor-section-height-default\" data-id=\"3ee9c81\" data-element_type=\"section\" data-e-type=\"section\" data-settings=\"{&quot;background_background&quot;:&quot;classic&quot;}\">\n\t\t\t\t\t\t<div class=\"elementor-container elementor-column-gap-no\">\n\t\t\t\t\t<div class=\"elementor-column elementor-col-100 elementor-inner-column elementor-element elementor-element-1964203\" data-id=\"1964203\" data-element_type=\"column\" data-e-type=\"column\" data-settings=\"{&quot;background_background&quot;:&quot;classic&quot;}\">\n\t\t\t<div class=\"elementor-widget-wrap elementor-element-populated\">\n\t\t\t\t\t\t<div class=\"elementor-element elementor-element-8653a94 elementor-widget elementor-widget-heading\" data-id=\"8653a94\" data-element_type=\"widget\" data-e-type=\"widget\" data-widget_type=\"heading.default\">\n\t\t\t\t<div class=\"elementor-widget-container\">\n\t\t\t\t\t<h2 class=\"elementor-heading-title elementor-size-default\">Tarifs <\/h2>\t\t\t\t<\/div>\n\t\t\t\t<\/div>\n\t\t\t\t<div class=\"elementor-element elementor-element-1eebbce elementor-widget elementor-widget-text-editor\" data-id=\"1eebbce\" data-element_type=\"widget\" data-e-type=\"widget\" data-widget_type=\"text-editor.default\">\n\t\t\t\t<div class=\"elementor-widget-container\">\n\t\t\t\t\t\t\t\t\t<p><span style=\"color: #fff;\"><span style=\"text-decoration: underline;\"><a href=\"\/nous-joindre\/\">Demandez nous directement<\/a><\/span>, nous en discuterons avec plaisir ! <\/span><\/p>\t\t\t\t\t\t\t\t<\/div>\n\t\t\t\t<\/div>\n\t\t\t\t\t<\/div>\n\t\t<\/div>\n\t\t\t\t\t<\/div>\n\t\t<\/section>\n\t\t\t\t<section class=\"elementor-section elementor-inner-section elementor-element elementor-element-23f8096 elementor-section-content-middle elementor-section-boxed elementor-section-height-default elementor-section-height-default\" data-id=\"23f8096\" data-element_type=\"section\" data-e-type=\"section\">\n\t\t\t\t\t\t<div class=\"elementor-container elementor-column-gap-no\">\n\t\t\t\t\t<div class=\"elementor-column elementor-col-33 elementor-inner-column elementor-element elementor-element-82fb2c5\" data-id=\"82fb2c5\" data-element_type=\"column\" data-e-type=\"column\">\n\t\t\t<div class=\"elementor-widget-wrap elementor-element-populated\">\n\t\t\t\t\t\t<div class=\"elementor-element elementor-element-2ccb4ef elementor-widget elementor-widget-naturomegahover\" data-id=\"2ccb4ef\" data-element_type=\"widget\" data-e-type=\"widget\" data-widget_type=\"naturomegahover.default\">\n\t\t\t\t<div class=\"elementor-widget-container\">\n\t\t\t\t\t<div class=\"mega-img-box\"><div class=\"img-1\"><div class=\"mega-hover\"><img decoding=\"async\" src=\"http:\/\/lavalleedesrosiers.com\/wp-content\/uploads\/2025\/07\/5be57025-3fde-4a8b-b232-a0adb774369d.jpg\" alt=\"5be57025 3fde 4a8b b232 a0adb774369d\"  class=\"w-100\" \/><\/div><\/div><\/div>\t\t\t\t<\/div>\n\t\t\t\t<\/div>\n\t\t\t\t\t<\/div>\n\t\t<\/div>\n\t\t\t\t<div class=\"elementor-column elementor-col-33 elementor-inner-column elementor-element elementor-element-d16e4ae\" data-id=\"d16e4ae\" data-element_type=\"column\" data-e-type=\"column\">\n\t\t\t<div class=\"elementor-widget-wrap\">\n\t\t\t\t\t\t\t<\/div>\n\t\t<\/div>\n\t\t\t\t<div class=\"elementor-column elementor-col-33 elementor-inner-column elementor-element elementor-element-0da4aef\" data-id=\"0da4aef\" data-element_type=\"column\" data-e-type=\"column\">\n\t\t\t<div class=\"elementor-widget-wrap\">\n\t\t\t\t\t\t\t<\/div>\n\t\t<\/div>\n\t\t\t\t\t<\/div>\n\t\t<\/section>\n\t\t\t\t\t<\/div>\n\t\t<\/div>\n\t\t\t\t\t<\/div>\n\t\t<\/section>\n\t\t\t\t<\/div>\n\t\t","protected":false},"excerpt":{"rendered":"<p>Pour les chasseurs passionn\u00e9s Domaine Vall\u00e9e Desrosiers vous accueille avec plaisir ! Si vous cherchez le terrain id\u00e9al pour une bonne partie de chasse, notre domaine est le lieu parfait pour cela ! Ours, chevreuils, li\u00e8vres, perdrix et autres petits gibiers vous attendent dans plusieurs centaines d\u2019acres de for\u00eat. Tarifs Demandez nous directement, nous en&#8230;<\/p>\n","protected":false},"author":1,"featured_media":0,"parent":5128,"menu_order":0,"comment_status":"closed","ping_status":"closed","template":"template-builder.php","meta":{"_monsterinsights_skip_tracking":false,"_monsterinsights_sitenote_active":false,"_monsterinsights_sitenote_note":"","_monsterinsights_sitenote_category":0,"footnotes":""},"class_list":["post-5270","page","type-page","status-publish","hentry"],"aioseo_notices":[],"_links":{"self":[{"href":"https:\/\/lavalleedesrosiers.com\/fr\/wp-json\/wp\/v2\/pages\/5270","targetHints":{"allow":["GET"]}}],"collection":[{"href":"https:\/\/lavalleedesrosiers.com\/fr\/wp-json\/wp\/v2\/pages"}],"about":[{"href":"https:\/\/lavalleedesrosiers.com\/fr\/wp-json\/wp\/v2\/types\/page"}],"author":[{"embeddable":true,"href":"https:\/\/lavalleedesrosiers.com\/fr\/wp-json\/wp\/v2\/users\/1"}],"replies":[{"embeddable":true,"href":"https:\/\/lavalleedesrosiers.com\/fr\/wp-json\/wp\/v2\/comments?post=5270"}],"version-history":[{"count":17,"href":"https:\/\/lavalleedesrosiers.com\/fr\/wp-json\/wp\/v2\/pages\/5270\/revisions"}],"predecessor-version":[{"id":6776,"href":"https:\/\/lavalleedesrosiers.com\/fr\/wp-json\/wp\/v2\/pages\/5270\/revisions\/6776"}],"up":[{"embeddable":true,"href":"https:\/\/lavalleedesrosiers.com\/fr\/wp-json\/wp\/v2\/pages\/5128"}],"wp:attachment":[{"href":"https:\/\/lavalleedesrosiers.com\/fr\/wp-json\/wp\/v2\/media?parent=5270"}],"curies":[{"name":"wp","href":"https:\/\/api.w.org\/{rel}","templated":true}]}}