{"id":5240,"date":"2025-04-03T13:32:47","date_gmt":"2025-04-03T13:32:47","guid":{"rendered":"http:\/\/lavalleedesrosiers.com\/?page_id=5240"},"modified":"2025-12-23T15:52:07","modified_gmt":"2025-12-23T15:52:07","slug":"forfait-experience-cabane-a-sucre","status":"publish","type":"page","link":"https:\/\/lavalleedesrosiers.com\/fr\/forfait-experience-cabane-a-sucre\/","title":{"rendered":"Forfait exp\u00e9rience cabane \u00e0 sucre"},"content":{"rendered":"\t\t<div data-elementor-type=\"wp-page\" data-elementor-id=\"5240\" class=\"elementor elementor-5240\">\n\t\t\t\t<div class=\"elementor-element elementor-element-ef84128 e-flex e-con-boxed e-con e-parent\" data-id=\"ef84128\" data-element_type=\"container\" data-e-type=\"container\" data-settings=\"{&quot;background_background&quot;:&quot;classic&quot;}\">\n\t\t\t\t\t<div class=\"e-con-inner\">\n\t\t<div class=\"elementor-element elementor-element-a5fbc3f e-con-full e-flex e-con e-child\" data-id=\"a5fbc3f\" data-element_type=\"container\" data-e-type=\"container\">\n\t\t\t\t<div class=\"elementor-element elementor-element-9b33c65 elementor-widget elementor-widget-naturomegahover\" data-id=\"9b33c65\" data-element_type=\"widget\" data-e-type=\"widget\" data-widget_type=\"naturomegahover.default\">\n\t\t\t\t<div class=\"elementor-widget-container\">\n\t\t\t\t\t<div class=\"mega-img-box\"><div class=\"img-1\"><div class=\"mega-hover\"><img decoding=\"async\" src=\"http:\/\/lavalleedesrosiers.com\/wp-content\/uploads\/2025\/06\/cabane-a-sucre-scaled.jpg\" alt=\"cabane a sucre scaled\"  class=\"w-100\" \/><\/div><\/div><\/div>\t\t\t\t<\/div>\n\t\t\t\t<\/div>\n\t\t\t\t<\/div>\n\t\t<div class=\"elementor-element elementor-element-6702c74 e-con-full e-flex e-con e-child\" data-id=\"6702c74\" data-element_type=\"container\" data-e-type=\"container\">\n\t\t\t\t<div class=\"elementor-element elementor-element-4c2d998 elementor-widget elementor-widget-naturosectiontitle\" data-id=\"4c2d998\" data-element_type=\"widget\" data-e-type=\"widget\" data-widget_type=\"naturosectiontitle.default\">\n\t\t\t\t<div class=\"elementor-widget-container\">\n\t\t\t\t\t<div class=\"section-title\" ><h4 class=\"sec-title1 subtitle-selector\">Cabane \u00e0 sucre<\/h4><div class=\"sec_line\"><img decoding=\"async\" src=\"https:\/\/wordpress.vecurosoft.com\/huntar\/wp-content\/uploads\/2021\/11\/about-line-1.png\" alt=\"about line 1\"  class=\"mb-4\" \/><\/div><h2 class=\"sec-title2 text-title2 mt-1 title-selector\">Forfait exp\u00e9rience cabane \u00e0 sucre<\/h2><\/div>\t\t\t\t<\/div>\n\t\t\t\t<\/div>\n\t\t\t\t<div class=\"elementor-element elementor-element-1460007 elementor-widget elementor-widget-text-editor\" data-id=\"1460007\" data-element_type=\"widget\" data-e-type=\"widget\" data-widget_type=\"text-editor.default\">\n\t\t\t\t<div class=\"elementor-widget-container\">\n\t\t\t\t\t\t\t\t\t<p><span style=\"font-weight: 400;\">Vous pouvez devenir apprenti ac\u00e9riculteur durant 24 heures\u00a0: apprendre les proc\u00e9d\u00e9s de fabrication et de transformation du sirop d&#8217;\u00e9rable. Pendant le s\u00e9jour, participation \u00e0 la cueillette de l\u2019eau d\u2019\u00e9rable, \u00e0 son \u00e9vaporation jusqu\u2019\u00e0 l\u2019embouteillage du sirop. Vous pourrez repartir avec votre production soit environ 4 litres de sirop d&#8217;\u00e9rable et le choix d\u2019un produit transform\u00e9 (tire ou caramel) que vous aurez vous-m\u00eame fabriqu\u00e9.<\/span><\/p><p><span style=\"font-weight: 400;\">Spa int\u00e9rieur et salle de jeux en soir\u00e9e incluant le souper 3 services, l\u2019h\u00e9bergement au lodge et le petit d\u00e9jeuner.<\/span><\/p><p><span style=\"font-weight: 400;\">Un minimum de 2 adultes, maximum de 6 personnes, 10 ans et +. Sur r\u00e9servation seulement.<\/span><\/p><p><span style=\"font-weight: 400;\"><strong>Tarif<\/strong>: <\/span><span style=\"font-weight: 400;\">Pour un groupe de deux personnes minimums : 399$\/adulte + tx. <\/span><\/p>\t\t\t\t\t\t\t\t<\/div>\n\t\t\t\t<\/div>\n\t\t\t\t<\/div>\n\t\t\t\t\t<\/div>\n\t\t\t\t<\/div>\n\t\t<div class=\"elementor-element elementor-element-7523d6d e-flex e-con-boxed e-con e-parent\" data-id=\"7523d6d\" data-element_type=\"container\" data-e-type=\"container\" data-settings=\"{&quot;background_background&quot;:&quot;classic&quot;}\">\n\t\t\t\t\t<div class=\"e-con-inner\">\n\t\t<div class=\"elementor-element elementor-element-d99ebab e-con-full e-flex e-con e-child\" data-id=\"d99ebab\" data-element_type=\"container\" data-e-type=\"container\">\n\t\t<div class=\"elementor-element elementor-element-f024d6b e-con-full e-flex e-con e-child\" data-id=\"f024d6b\" data-element_type=\"container\" data-e-type=\"container\">\n\t\t\t\t<div class=\"elementor-element elementor-element-6d457e8 elementor-widget elementor-widget-image\" data-id=\"6d457e8\" data-element_type=\"widget\" data-e-type=\"widget\" data-widget_type=\"image.default\">\n\t\t\t\t<div class=\"elementor-widget-container\">\n\t\t\t\t\t\t\t\t\t\t\t\t\t\t\t<img fetchpriority=\"high\" decoding=\"async\" width=\"751\" height=\"501\" src=\"http:\/\/lavalleedesrosiers.com\/wp-content\/uploads\/2025\/06\/0Z9_6973-1-1024x683.jpg\" class=\"attachment-large size-large wp-image-6128\" alt=\"\" srcset=\"http:\/\/lavalleedesrosiers.com\/wp-content\/uploads\/2025\/06\/0Z9_6973-1-1024x683.jpg 1024w, http:\/\/lavalleedesrosiers.com\/wp-content\/uploads\/2025\/06\/0Z9_6973-1-300x200.jpg 300w, http:\/\/lavalleedesrosiers.com\/wp-content\/uploads\/2025\/06\/0Z9_6973-1-768x512.jpg 768w, http:\/\/lavalleedesrosiers.com\/wp-content\/uploads\/2025\/06\/0Z9_6973-1-1536x1024.jpg 1536w, http:\/\/lavalleedesrosiers.com\/wp-content\/uploads\/2025\/06\/0Z9_6973-1-2048x1366.jpg 2048w, http:\/\/lavalleedesrosiers.com\/wp-content\/uploads\/2025\/06\/0Z9_6973-1-600x400.jpg 600w\" sizes=\"(max-width: 751px) 100vw, 751px\" \/>\t\t\t\t\t\t\t\t\t\t\t\t\t\t\t<\/div>\n\t\t\t\t<\/div>\n\t\t\t\t<div class=\"elementor-element elementor-element-3c8b854 elementor-widget elementor-widget-naturosectiontitle\" data-id=\"3c8b854\" data-element_type=\"widget\" data-e-type=\"widget\" data-widget_type=\"naturosectiontitle.default\">\n\t\t\t\t<div class=\"elementor-widget-container\">\n\t\t\t\t\t<div class=\"section-title\" ><h6 class=\"sec-title2 text-title2 mt-1 title-selector\">Loge<\/h6><\/div>\t\t\t\t<\/div>\n\t\t\t\t<\/div>\n\t\t\t\t<\/div>\n\t\t\t\t<\/div>\n\t\t<div class=\"elementor-element elementor-element-b6b5871 e-con-full e-flex e-con e-child\" data-id=\"b6b5871\" data-element_type=\"container\" data-e-type=\"container\">\n\t\t\t\t<div class=\"elementor-element elementor-element-3b2b391 elementor-widget elementor-widget-image\" data-id=\"3b2b391\" data-element_type=\"widget\" data-e-type=\"widget\" data-widget_type=\"image.default\">\n\t\t\t\t<div class=\"elementor-widget-container\">\n\t\t\t\t\t\t\t\t\t\t\t\t\t\t\t<img decoding=\"async\" width=\"751\" height=\"501\" src=\"http:\/\/lavalleedesrosiers.com\/wp-content\/uploads\/2025\/06\/0Z9_7133-1024x683.jpg\" class=\"attachment-large size-large wp-image-6120\" alt=\"\" srcset=\"http:\/\/lavalleedesrosiers.com\/wp-content\/uploads\/2025\/06\/0Z9_7133-1024x683.jpg 1024w, http:\/\/lavalleedesrosiers.com\/wp-content\/uploads\/2025\/06\/0Z9_7133-300x200.jpg 300w, http:\/\/lavalleedesrosiers.com\/wp-content\/uploads\/2025\/06\/0Z9_7133-768x512.jpg 768w, http:\/\/lavalleedesrosiers.com\/wp-content\/uploads\/2025\/06\/0Z9_7133-1536x1024.jpg 1536w, http:\/\/lavalleedesrosiers.com\/wp-content\/uploads\/2025\/06\/0Z9_7133-2048x1366.jpg 2048w, http:\/\/lavalleedesrosiers.com\/wp-content\/uploads\/2025\/06\/0Z9_7133-600x400.jpg 600w\" sizes=\"(max-width: 751px) 100vw, 751px\" \/>\t\t\t\t\t\t\t\t\t\t\t\t\t\t\t<\/div>\n\t\t\t\t<\/div>\n\t\t\t\t<div class=\"elementor-element elementor-element-17af153 elementor-widget elementor-widget-naturosectiontitle\" data-id=\"17af153\" data-element_type=\"widget\" data-e-type=\"widget\" data-widget_type=\"naturosectiontitle.default\">\n\t\t\t\t<div class=\"elementor-widget-container\">\n\t\t\t\t\t<div class=\"section-title\" ><h6 class=\"sec-title2 text-title2 mt-1 title-selector\">spa int\u00e9rieur<\/h6><\/div>\t\t\t\t<\/div>\n\t\t\t\t<\/div>\n\t\t\t\t<\/div>\n\t\t<div class=\"elementor-element elementor-element-792c8a4 e-con-full e-flex e-con e-child\" data-id=\"792c8a4\" data-element_type=\"container\" data-e-type=\"container\">\n\t\t\t\t<div class=\"elementor-element elementor-element-8b254f7 elementor-widget elementor-widget-image\" data-id=\"8b254f7\" data-element_type=\"widget\" data-e-type=\"widget\" data-widget_type=\"image.default\">\n\t\t\t\t<div class=\"elementor-widget-container\">\n\t\t\t\t\t\t\t\t\t\t\t\t\t\t\t<img decoding=\"async\" width=\"751\" height=\"501\" src=\"http:\/\/lavalleedesrosiers.com\/wp-content\/uploads\/2025\/06\/0Z9_7114-1024x683.jpg\" class=\"attachment-large size-large wp-image-6122\" alt=\"\" srcset=\"http:\/\/lavalleedesrosiers.com\/wp-content\/uploads\/2025\/06\/0Z9_7114-1024x683.jpg 1024w, http:\/\/lavalleedesrosiers.com\/wp-content\/uploads\/2025\/06\/0Z9_7114-300x200.jpg 300w, http:\/\/lavalleedesrosiers.com\/wp-content\/uploads\/2025\/06\/0Z9_7114-768x512.jpg 768w, http:\/\/lavalleedesrosiers.com\/wp-content\/uploads\/2025\/06\/0Z9_7114-1536x1024.jpg 1536w, http:\/\/lavalleedesrosiers.com\/wp-content\/uploads\/2025\/06\/0Z9_7114-2048x1366.jpg 2048w, http:\/\/lavalleedesrosiers.com\/wp-content\/uploads\/2025\/06\/0Z9_7114-600x400.jpg 600w\" sizes=\"(max-width: 751px) 100vw, 751px\" \/>\t\t\t\t\t\t\t\t\t\t\t\t\t\t\t<\/div>\n\t\t\t\t<\/div>\n\t\t\t\t<div class=\"elementor-element elementor-element-6a417f3 elementor-widget elementor-widget-naturosectiontitle\" data-id=\"6a417f3\" data-element_type=\"widget\" data-e-type=\"widget\" data-widget_type=\"naturosectiontitle.default\">\n\t\t\t\t<div class=\"elementor-widget-container\">\n\t\t\t\t\t<div class=\"section-title\" ><h6 class=\"sec-title2 text-title2 mt-1 title-selector\">salle de jeux<\/h6><\/div>\t\t\t\t<\/div>\n\t\t\t\t<\/div>\n\t\t\t\t<\/div>\n\t\t\t\t\t<\/div>\n\t\t\t\t<\/div>\n\t\t<div class=\"elementor-element elementor-element-fd9c098 e-flex e-con-boxed e-con e-parent\" data-id=\"fd9c098\" data-element_type=\"container\" data-e-type=\"container\" data-settings=\"{&quot;background_background&quot;:&quot;classic&quot;}\">\n\t\t\t\t\t<div class=\"e-con-inner\">\n\t\t<div class=\"elementor-element elementor-element-d4106f3 e-con-full e-flex e-con e-child\" data-id=\"d4106f3\" data-element_type=\"container\" data-e-type=\"container\">\n\t\t<div class=\"elementor-element elementor-element-4c7248d e-con-full e-flex e-con e-child\" data-id=\"4c7248d\" data-element_type=\"container\" data-e-type=\"container\">\n\t\t\t\t<div class=\"elementor-element elementor-element-53df389 elementor-widget elementor-widget-image\" data-id=\"53df389\" data-element_type=\"widget\" data-e-type=\"widget\" data-widget_type=\"image.default\">\n\t\t\t\t<div class=\"elementor-widget-container\">\n\t\t\t\t\t\t\t\t\t\t\t\t\t\t\t<img loading=\"lazy\" decoding=\"async\" width=\"751\" height=\"501\" src=\"http:\/\/lavalleedesrosiers.com\/wp-content\/uploads\/2025\/04\/gazebo-1024x683.jpg\" class=\"attachment-large size-large wp-image-5908\" alt=\"\" srcset=\"http:\/\/lavalleedesrosiers.com\/wp-content\/uploads\/2025\/04\/gazebo-1024x683.jpg 1024w, http:\/\/lavalleedesrosiers.com\/wp-content\/uploads\/2025\/04\/gazebo-300x200.jpg 300w, http:\/\/lavalleedesrosiers.com\/wp-content\/uploads\/2025\/04\/gazebo-768x512.jpg 768w, http:\/\/lavalleedesrosiers.com\/wp-content\/uploads\/2025\/04\/gazebo-600x400.jpg 600w, http:\/\/lavalleedesrosiers.com\/wp-content\/uploads\/2025\/04\/gazebo.jpg 1200w\" sizes=\"(max-width: 751px) 100vw, 751px\" \/>\t\t\t\t\t\t\t\t\t\t\t\t\t\t\t<\/div>\n\t\t\t\t<\/div>\n\t\t\t\t<div class=\"elementor-element elementor-element-3172c38 elementor-widget elementor-widget-naturosectiontitle\" data-id=\"3172c38\" data-element_type=\"widget\" data-e-type=\"widget\" data-widget_type=\"naturosectiontitle.default\">\n\t\t\t\t<div class=\"elementor-widget-container\">\n\t\t\t\t\t<div class=\"section-title\" ><h6 class=\"sec-title2 text-title2 mt-1 title-selector\">Gazebo<\/h6><\/div>\t\t\t\t<\/div>\n\t\t\t\t<\/div>\n\t\t\t\t<div class=\"elementor-element elementor-element-1fd4d2c elementor-widget elementor-widget-text-editor\" data-id=\"1fd4d2c\" data-element_type=\"widget\" data-e-type=\"widget\" data-widget_type=\"text-editor.default\">\n\t\t\t\t<div class=\"elementor-widget-container\">\n\t\t\t\t\t\t\t\t\t<p><span style=\"font-weight: 400;\">Disponible avec l\u2019h\u00e9bergement avec frais suppl\u00e9mentaire<\/span><\/p>\t\t\t\t\t\t\t\t<\/div>\n\t\t\t\t<\/div>\n\t\t\t\t<\/div>\n\t\t\t\t<\/div>\n\t\t<div class=\"elementor-element elementor-element-b6d587f e-con-full e-flex e-con e-child\" data-id=\"b6d587f\" data-element_type=\"container\" data-e-type=\"container\">\n\t\t\t\t<div class=\"elementor-element elementor-element-a20adaa elementor-widget elementor-widget-image\" data-id=\"a20adaa\" data-element_type=\"widget\" data-e-type=\"widget\" data-widget_type=\"image.default\">\n\t\t\t\t<div class=\"elementor-widget-container\">\n\t\t\t\t\t\t\t\t\t\t\t\t\t\t\t<img loading=\"lazy\" decoding=\"async\" width=\"751\" height=\"501\" src=\"http:\/\/lavalleedesrosiers.com\/wp-content\/uploads\/2025\/04\/pit-a-feu-1024x683.jpg\" class=\"attachment-large size-large wp-image-5909\" alt=\"\" srcset=\"http:\/\/lavalleedesrosiers.com\/wp-content\/uploads\/2025\/04\/pit-a-feu-1024x683.jpg 1024w, http:\/\/lavalleedesrosiers.com\/wp-content\/uploads\/2025\/04\/pit-a-feu-300x200.jpg 300w, http:\/\/lavalleedesrosiers.com\/wp-content\/uploads\/2025\/04\/pit-a-feu-768x512.jpg 768w, http:\/\/lavalleedesrosiers.com\/wp-content\/uploads\/2025\/04\/pit-a-feu-600x400.jpg 600w, http:\/\/lavalleedesrosiers.com\/wp-content\/uploads\/2025\/04\/pit-a-feu.jpg 1200w\" sizes=\"(max-width: 751px) 100vw, 751px\" \/>\t\t\t\t\t\t\t\t\t\t\t\t\t\t\t<\/div>\n\t\t\t\t<\/div>\n\t\t\t\t<div class=\"elementor-element elementor-element-958abd0 elementor-widget elementor-widget-naturosectiontitle\" data-id=\"958abd0\" data-element_type=\"widget\" data-e-type=\"widget\" data-widget_type=\"naturosectiontitle.default\">\n\t\t\t\t<div class=\"elementor-widget-container\">\n\t\t\t\t\t<div class=\"section-title\" ><h6 class=\"sec-title2 text-title2 mt-1 title-selector\">Pit \u00e0 feu<\/h6><\/div>\t\t\t\t<\/div>\n\t\t\t\t<\/div>\n\t\t\t\t<div class=\"elementor-element elementor-element-cc1d6bf elementor-widget elementor-widget-text-editor\" data-id=\"cc1d6bf\" data-element_type=\"widget\" data-e-type=\"widget\" data-widget_type=\"text-editor.default\">\n\t\t\t\t<div class=\"elementor-widget-container\">\n\t\t\t\t\t\t\t\t\t<p><span style=\"font-weight: 400;\">Disponible avec l\u2019h\u00e9bergement avec frais suppl\u00e9mentaire<\/span><\/p>\t\t\t\t\t\t\t\t<\/div>\n\t\t\t\t<\/div>\n\t\t\t\t<\/div>\n\t\t<div class=\"elementor-element elementor-element-ba657e8 e-con-full e-flex e-con e-child\" data-id=\"ba657e8\" data-element_type=\"container\" data-e-type=\"container\">\n\t\t\t\t<div class=\"elementor-element elementor-element-bca54af elementor-widget elementor-widget-image\" data-id=\"bca54af\" data-element_type=\"widget\" data-e-type=\"widget\" data-widget_type=\"image.default\">\n\t\t\t\t<div class=\"elementor-widget-container\">\n\t\t\t\t\t\t\t\t\t\t\t\t\t\t\t<img loading=\"lazy\" decoding=\"async\" width=\"751\" height=\"501\" src=\"http:\/\/lavalleedesrosiers.com\/wp-content\/uploads\/2025\/04\/sucrerie-1024x683.jpg\" class=\"attachment-large size-large wp-image-5910\" alt=\"\" srcset=\"http:\/\/lavalleedesrosiers.com\/wp-content\/uploads\/2025\/04\/sucrerie-1024x683.jpg 1024w, http:\/\/lavalleedesrosiers.com\/wp-content\/uploads\/2025\/04\/sucrerie-300x200.jpg 300w, http:\/\/lavalleedesrosiers.com\/wp-content\/uploads\/2025\/04\/sucrerie-768x512.jpg 768w, http:\/\/lavalleedesrosiers.com\/wp-content\/uploads\/2025\/04\/sucrerie-600x400.jpg 600w, http:\/\/lavalleedesrosiers.com\/wp-content\/uploads\/2025\/04\/sucrerie.jpg 1200w\" sizes=\"(max-width: 751px) 100vw, 751px\" \/>\t\t\t\t\t\t\t\t\t\t\t\t\t\t\t<\/div>\n\t\t\t\t<\/div>\n\t\t\t\t<div class=\"elementor-element elementor-element-8e492d1 elementor-widget elementor-widget-naturosectiontitle\" data-id=\"8e492d1\" data-element_type=\"widget\" data-e-type=\"widget\" data-widget_type=\"naturosectiontitle.default\">\n\t\t\t\t<div class=\"elementor-widget-container\">\n\t\t\t\t\t<div class=\"section-title\" ><h6 class=\"sec-title2 text-title2 mt-1 title-selector\">\nProduits artisanaux locaux\n<\/h6><\/div>\t\t\t\t<\/div>\n\t\t\t\t<\/div>\n\t\t\t\t<div class=\"elementor-element elementor-element-0a9cb07 elementor-widget elementor-widget-text-editor\" data-id=\"0a9cb07\" data-element_type=\"widget\" data-e-type=\"widget\" data-widget_type=\"text-editor.default\">\n\t\t\t\t<div class=\"elementor-widget-container\">\n\t\t\t\t\t\t\t\t\t<p><b>Bi\u00e8re Huskimo :<\/b><span style=\"font-weight: 400;\"> bi\u00e8re \u00e0 l\u2019\u00e9rable artisanale exclusive et fi\u00e8rement canadienne, brass\u00e9e par <\/span><b>Brauwerk-Hoffman<\/b><span style=\"font-weight: 400;\"> \u00e0 Campbell&#8217;s Bay, Qu\u00e9bec.<\/span><\/p><p><b>Confitures maison :<\/b><span style=\"font-weight: 400;\"> Rhubarbe et orange, prune et \u00e9rable, gel\u00e9e de pommettes, gel\u00e9e de piments.<\/span><\/p><p><b>Autres produits :<\/b><span style=\"font-weight: 400;\"> Caramel \u00e0 l&#8217;\u00e9rable, sirop de raisin et pacanes caram\u00e9lis\u00e9es \u00e0 l&#8217;\u00e9rable.<\/span><\/p>\t\t\t\t\t\t\t\t<\/div>\n\t\t\t\t<\/div>\n\t\t\t\t<\/div>\n\t\t\t\t\t<\/div>\n\t\t\t\t<\/div>\n\t\t\t\t<\/div>\n\t\t","protected":false},"excerpt":{"rendered":"<p>Cabane \u00e0 sucre Forfait exp\u00e9rience cabane \u00e0 sucre Vous pouvez devenir apprenti ac\u00e9riculteur durant 24 heures\u00a0: apprendre les proc\u00e9d\u00e9s de fabrication et de transformation du sirop d&#8217;\u00e9rable. Pendant le s\u00e9jour, participation \u00e0 la cueillette de l\u2019eau d\u2019\u00e9rable, \u00e0 son \u00e9vaporation jusqu\u2019\u00e0 l\u2019embouteillage du sirop. Vous pourrez repartir avec votre production soit environ 4 litres de&#8230;<\/p>\n","protected":false},"author":1,"featured_media":0,"parent":0,"menu_order":0,"comment_status":"closed","ping_status":"closed","template":"template-builder.php","meta":{"_monsterinsights_skip_tracking":false,"_monsterinsights_sitenote_active":false,"_monsterinsights_sitenote_note":"","_monsterinsights_sitenote_category":0,"footnotes":""},"class_list":["post-5240","page","type-page","status-publish","hentry"],"aioseo_notices":[],"_links":{"self":[{"href":"https:\/\/lavalleedesrosiers.com\/fr\/wp-json\/wp\/v2\/pages\/5240","targetHints":{"allow":["GET"]}}],"collection":[{"href":"https:\/\/lavalleedesrosiers.com\/fr\/wp-json\/wp\/v2\/pages"}],"about":[{"href":"https:\/\/lavalleedesrosiers.com\/fr\/wp-json\/wp\/v2\/types\/page"}],"author":[{"embeddable":true,"href":"https:\/\/lavalleedesrosiers.com\/fr\/wp-json\/wp\/v2\/users\/1"}],"replies":[{"embeddable":true,"href":"https:\/\/lavalleedesrosiers.com\/fr\/wp-json\/wp\/v2\/comments?post=5240"}],"version-history":[{"count":22,"href":"https:\/\/lavalleedesrosiers.com\/fr\/wp-json\/wp\/v2\/pages\/5240\/revisions"}],"predecessor-version":[{"id":6770,"href":"https:\/\/lavalleedesrosiers.com\/fr\/wp-json\/wp\/v2\/pages\/5240\/revisions\/6770"}],"wp:attachment":[{"href":"https:\/\/lavalleedesrosiers.com\/fr\/wp-json\/wp\/v2\/media?parent=5240"}],"curies":[{"name":"wp","href":"https:\/\/api.w.org\/{rel}","templated":true}]}}