{"id":5128,"date":"2025-04-02T18:24:35","date_gmt":"2025-04-02T18:24:35","guid":{"rendered":"http:\/\/lavalleedesrosiers.com\/?page_id=5128"},"modified":"2025-08-27T14:53:14","modified_gmt":"2025-08-27T14:53:14","slug":"automne","status":"publish","type":"page","link":"https:\/\/lavalleedesrosiers.com\/fr\/activites\/automne\/","title":{"rendered":"Automne"},"content":{"rendered":"\t\t<div data-elementor-type=\"wp-page\" data-elementor-id=\"5128\" class=\"elementor elementor-5128\">\n\t\t\t\t\t\t<section class=\"elementor-section elementor-top-section elementor-element elementor-element-d41af51 elementor-section-full_width elementor-section-height-default elementor-section-height-default\" data-id=\"d41af51\" data-element_type=\"section\" data-e-type=\"section\">\n\t\t\t\t\t\t<div class=\"elementor-container elementor-column-gap-no\">\n\t\t\t\t\t<div class=\"elementor-column elementor-col-100 elementor-top-column elementor-element elementor-element-2941aeb\" data-id=\"2941aeb\" data-element_type=\"column\" data-e-type=\"column\">\n\t\t\t<div class=\"elementor-widget-wrap elementor-element-populated\">\n\t\t\t\t\t\t<div class=\"elementor-element elementor-element-1b7b7c1 elementor-widget elementor-widget-naturoserviceslider\" data-id=\"1b7b7c1\" data-element_type=\"widget\" data-e-type=\"widget\" data-widget_type=\"naturoserviceslider.default\">\n\t\t\t\t<div class=\"elementor-widget-container\">\n\t\t\t\t\t<!-----------------------Start Serivice Slider Area-----------------------><div class=\"vs-services\"><div class=\"container\"><div class=\"position-relative\"><div class=\"row align-items-center vs-service-no-slider\"><div class=\"col-lg-4 col-md-6\"><div class=\"vs-services-box mb-30\"><div class=\"vs-services-thumb text-center\"><img decoding=\"async\" src=\"http:\/\/lavalleedesrosiers.com\/wp-content\/uploads\/2025\/06\/event.jpg\" alt=\"event\"  \/><\/div><div class=\"vs-services-content\"><h4 class=\"sec-title1 title-color fw-bold mb-15\"><a href=\"\/salle-devenements\/\">Salle d&#039;\u00e9v\u00e8nements<\/a><\/h4><p>Id\u00e9ale pour des mariages intimes, des r\u00e9unions et Team building, retraite, etc. dans un cadre sc\u00e9nique. Capacit\u00e9 de 50 personnes. Permis de boissons sur place.<\/p><a href=\"\/salle-devenements\/\" class=\"link-btn\">En savoir plus<i class=\"fal fa-long-arrow-right\"><\/i><\/a><\/div><\/div><\/div><div class=\"col-lg-4 col-md-6\"><div class=\"vs-services-box mb-30\"><div class=\"vs-services-thumb text-center\"><img decoding=\"async\" src=\"http:\/\/lavalleedesrosiers.com\/wp-content\/uploads\/2025\/06\/rando-pied.jpg\" alt=\"rando pied\"  \/><\/div><div class=\"vs-services-content\"><h4 class=\"sec-title1 title-color fw-bold mb-15\"><a href=\"\/activites\/automne\/randonnee-pedestre\/\">Randonn\u00e9e p\u00e9destre (septembre et octobre)<\/a><\/h4><p><span style=\"font-weight: 400\">Un sentier de 3 km avec acc\u00e8s au belv\u00e9d\u00e8re pour admirer les paysages montagneux du Pontiac. Comprend aussi une collation et breuvage lors du retour. Dur\u00e9e de 2 heures.\u00a0<\/span><\/p><a href=\"\/activites\/automne\/randonnee-pedestre\/\" class=\"link-btn\">En savoir plus<i class=\"fal fa-long-arrow-right\"><\/i><\/a><\/div><\/div><\/div><div class=\"col-lg-4 col-md-6\"><div class=\"vs-services-box mb-30\"><div class=\"vs-services-thumb text-center\"><img decoding=\"async\" src=\"http:\/\/lavalleedesrosiers.com\/wp-content\/uploads\/2025\/06\/chasse.jpg\" alt=\"chasse\"  \/><\/div><div class=\"vs-services-content\"><h4 class=\"sec-title1 title-color fw-bold mb-15\"><a href=\"\/activites\/automne\/chasse\/\">Chasse<\/a><\/h4><p>Ours, chevreuils, li\u00e8vres, perdrix et autres petits gibiers vous attendent dans plusieurs centaines d\u2019acres de for\u00eat.<\/p><a href=\"\/activites\/automne\/chasse\/\" class=\"link-btn\">En savoir plus<i class=\"fal fa-long-arrow-right\"><\/i><\/a><\/div><\/div><\/div><\/div><\/div><\/div><\/div>\t\t\t\t<\/div>\n\t\t\t\t<\/div>\n\t\t\t\t\t<\/div>\n\t\t<\/div>\n\t\t\t\t\t<\/div>\n\t\t<\/section>\n\t\t\t\t<section class=\"elementor-section elementor-top-section elementor-element elementor-element-4a440e9 elementor-section-full_width elementor-section-height-default elementor-section-height-default\" data-id=\"4a440e9\" data-element_type=\"section\" data-e-type=\"section\" data-settings=\"{&quot;background_background&quot;:&quot;classic&quot;}\">\n\t\t\t\t\t\t<div class=\"elementor-container elementor-column-gap-no\">\n\t\t\t\t\t<div class=\"elementor-column elementor-col-100 elementor-top-column elementor-element elementor-element-bf91b26\" data-id=\"bf91b26\" data-element_type=\"column\" data-e-type=\"column\">\n\t\t\t<div class=\"elementor-widget-wrap elementor-element-populated\">\n\t\t\t\t\t\t<section class=\"elementor-section elementor-inner-section elementor-element elementor-element-d9dc2c5 elementor-section-boxed elementor-section-height-default elementor-section-height-default\" data-id=\"d9dc2c5\" data-element_type=\"section\" data-e-type=\"section\">\n\t\t\t\t\t\t<div class=\"elementor-container elementor-column-gap-no\">\n\t\t\t\t\t<div class=\"elementor-column elementor-col-50 elementor-inner-column elementor-element elementor-element-b9532db\" data-id=\"b9532db\" data-element_type=\"column\" data-e-type=\"column\">\n\t\t\t<div class=\"elementor-widget-wrap elementor-element-populated\">\n\t\t\t\t\t\t<div class=\"elementor-element elementor-element-d30f0dd elementor-widget elementor-widget-naturosectiontitle\" data-id=\"d30f0dd\" data-element_type=\"widget\" data-e-type=\"widget\" data-widget_type=\"naturosectiontitle.default\">\n\t\t\t\t<div class=\"elementor-widget-container\">\n\t\t\t\t\t<div class=\"section-title\" ><span class=\"sec-title1 subtitle-selector\">Activit\u00e9<\/span><h2 class=\"sec-title2 text-title2 mt-1 title-selector\">R\u00e9servez d\u00e8s maintenant !<\/h2><\/div>\t\t\t\t<\/div>\n\t\t\t\t<\/div>\n\t\t\t\t\t<\/div>\n\t\t<\/div>\n\t\t\t\t<div class=\"elementor-column elementor-col-50 elementor-inner-column elementor-element elementor-element-db0918d\" data-id=\"db0918d\" data-element_type=\"column\" data-e-type=\"column\">\n\t\t\t<div class=\"elementor-widget-wrap elementor-element-populated\">\n\t\t\t\t\t\t<div class=\"elementor-element elementor-element-d48607b elementor-widget elementor-widget-naturobutton\" data-id=\"d48607b\" data-element_type=\"widget\" data-e-type=\"widget\" data-widget_type=\"naturobutton.default\">\n\t\t\t\t<div class=\"elementor-widget-container\">\n\t\t\t\t\t<!-- Button --><div class=\"btn-wrapper\"><a class=\"vs-btn style-1\" href=\"#\"><span><i class=\"fas fa-phone\"><\/i><\/span> Nous-joindre<\/a><\/div><!-- End Button -->\t\t\t\t<\/div>\n\t\t\t\t<\/div>\n\t\t\t\t\t<\/div>\n\t\t<\/div>\n\t\t\t\t\t<\/div>\n\t\t<\/section>\n\t\t\t\t\t<\/div>\n\t\t<\/div>\n\t\t\t\t\t<\/div>\n\t\t<\/section>\n\t\t\t\t<section class=\"elementor-section elementor-top-section elementor-element elementor-element-858a7b4 elementor-section-boxed elementor-section-height-default elementor-section-height-default\" data-id=\"858a7b4\" data-element_type=\"section\" data-e-type=\"section\">\n\t\t\t\t\t\t<div class=\"elementor-container elementor-column-gap-default\">\n\t\t\t\t\t<div class=\"elementor-column elementor-col-100 elementor-top-column elementor-element elementor-element-2dcdcca\" data-id=\"2dcdcca\" data-element_type=\"column\" data-e-type=\"column\">\n\t\t\t<div class=\"elementor-widget-wrap elementor-element-populated\">\n\t\t\t\t\t\t<section class=\"elementor-section elementor-inner-section elementor-element elementor-element-4fea5f1 elementor-section-content-middle elementor-section-boxed elementor-section-height-default elementor-section-height-default\" data-id=\"4fea5f1\" data-element_type=\"section\" data-e-type=\"section\">\n\t\t\t\t\t\t<div class=\"elementor-container elementor-column-gap-no\">\n\t\t\t\t\t<div class=\"elementor-column elementor-col-50 elementor-inner-column elementor-element elementor-element-8f81d36\" data-id=\"8f81d36\" data-element_type=\"column\" data-e-type=\"column\">\n\t\t\t<div class=\"elementor-widget-wrap elementor-element-populated\">\n\t\t\t\t\t\t<div class=\"elementor-element elementor-element-b1e5a4e contact-form-wrapper elementor-widget elementor-widget-naturocontactform\" data-id=\"b1e5a4e\" data-element_type=\"widget\" data-e-type=\"widget\" data-widget_type=\"naturocontactform.default\">\n\t\t\t\t<div class=\"elementor-widget-container\">\n\t\t\t\t\t<!-- Contact Form --><div class=\"join-form\"><div class=\"join-wrapper\"><div class=\"semi-title-box mb-35\"><h6 class=\"fs-14 fw-medium text-theme mb-2\">\u00c9crivez-nous<\/h6><h4 class=\"text-title mb-35\">Vous avez des questions ou voulez r\u00e9server ?<\/h4><\/div><div class=\"contact-form-box\"><div class=\"contact-form contact-form1\">\n<div class=\"wpcf7 no-js\" id=\"wpcf7-f1103-o1\" lang=\"fr-FR\" dir=\"ltr\" data-wpcf7-id=\"1103\">\n<div class=\"screen-reader-response\"><p role=\"status\" aria-live=\"polite\" aria-atomic=\"true\"><\/p> <ul><\/ul><\/div>\n<form action=\"\/fr\/wp-json\/wp\/v2\/pages\/5128#wpcf7-f1103-o1\" method=\"post\" class=\"wpcf7-form init\" aria-label=\"Formulaire de contact\" novalidate=\"novalidate\" data-status=\"init\">\n<fieldset class=\"hidden-fields-container\"><input type=\"hidden\" name=\"_wpcf7\" value=\"1103\" \/><input type=\"hidden\" name=\"_wpcf7_version\" value=\"6.1.5\" \/><input type=\"hidden\" name=\"_wpcf7_locale\" value=\"fr_FR\" \/><input type=\"hidden\" name=\"_wpcf7_unit_tag\" value=\"wpcf7-f1103-o1\" \/><input type=\"hidden\" name=\"_wpcf7_container_post\" value=\"0\" \/><input type=\"hidden\" name=\"_wpcf7_posted_data_hash\" value=\"\" \/>\n<\/fieldset>\n<div class=\"row g-4\"><div class=\"col-lg-6 col-md-6\"><div class=\"input-box\"><span class=\"wpcf7-form-control-wrap\" data-name=\"text-685\"><input size=\"40\" maxlength=\"400\" class=\"wpcf7-form-control wpcf7-text wpcf7-validates-as-required form-control\" id=\"text-685\" aria-required=\"true\" aria-invalid=\"false\" placeholder=\"Votre nom\" value=\"\" type=\"text\" name=\"text-685\" \/><\/span><i class=\"fal fa-user\"><\/i><\/div><\/div>\n<div class=\"col-lg-6 col-md-6\"><div class=\"input-box ib-2\"><span class=\"wpcf7-form-control-wrap\" data-name=\"email-698\"><input size=\"40\" maxlength=\"400\" class=\"wpcf7-form-control wpcf7-email wpcf7-validates-as-required wpcf7-text wpcf7-validates-as-email form-control\" id=\"email-698\" aria-required=\"true\" aria-invalid=\"false\" placeholder=\"Adresse email\" value=\"\" type=\"email\" name=\"email-698\" \/><\/span><i class=\"fal fa-envelope\"><\/i><\/div><\/div>\n<div class=\"col-lg-6 col-md-6\"><div class=\"input-box ib-3\"><span class=\"wpcf7-form-control-wrap\" data-name=\"text-980\"><input size=\"40\" maxlength=\"400\" class=\"wpcf7-form-control wpcf7-text form-control\" id=\"text-980\" aria-invalid=\"false\" placeholder=\"S\u00e9lectionnez l&#039;emplacement\" value=\"\" type=\"text\" name=\"text-980\" \/><\/span><i class=\"fal fa-map-marker-alt\"><\/i><\/div><\/div>\n<div class=\"col-lg-6 col-md-6\"><div class=\"input-box ib-4\"><span class=\"wpcf7-form-control-wrap\" data-name=\"menu-397\"><select class=\"wpcf7-form-control wpcf7-select form-control\" id=\"menu-397\" aria-invalid=\"false\" name=\"menu-397\"><option value=\"Printemps\">Printemps<\/option><option value=\"\u00c9t\u00e9\">\u00c9t\u00e9<\/option><option value=\"Automne\">Automne<\/option><option value=\"Hiver\">Hiver<\/option><\/select><\/span><i class=\"fal fa-chevron-down\"><\/i><\/div><\/div>\n<div class=\"col-12\"><div class=\"input-box ib-5 mb-10\"><span class=\"wpcf7-form-control-wrap\" data-name=\"textarea-457\"><textarea cols=\"40\" rows=\"10\" maxlength=\"2000\" class=\"wpcf7-form-control wpcf7-textarea wpcf7-validates-as-required form-control\" id=\"textarea-457\" aria-required=\"true\" aria-invalid=\"false\" placeholder=\"D\u00e9crivez votre plan\" name=\"textarea-457\"><\/textarea><\/span><i class=\"fal fa-comment-lines\"><\/i><\/div><\/div>\n<div class=\"col-12\"><button type=\"submit\" class=\"vs-btn wpcf7-submit\"><i class=\"fal fa-paper-plane\"><\/i> Envoy\u00e9 maintenant<\/button><\/div><\/div><div class=\"wpcf7-response-output\" aria-hidden=\"true\"><\/div>\n<\/form>\n<\/div>\n<p class=\"form-messages mt-20 mb-0\"><\/p><\/div><\/div><\/div><\/div>\t\t\t\t<\/div>\n\t\t\t\t<\/div>\n\t\t\t\t\t<\/div>\n\t\t<\/div>\n\t\t\t\t<div class=\"elementor-column elementor-col-50 elementor-inner-column elementor-element elementor-element-ecd993a\" data-id=\"ecd993a\" data-element_type=\"column\" data-e-type=\"column\">\n\t\t\t<div class=\"elementor-widget-wrap elementor-element-populated\">\n\t\t\t\t\t\t<div class=\"elementor-element elementor-element-264a60f elementor-widget elementor-widget-image\" data-id=\"264a60f\" data-element_type=\"widget\" data-e-type=\"widget\" data-widget_type=\"image.default\">\n\t\t\t\t<div class=\"elementor-widget-container\">\n\t\t\t\t\t\t\t\t\t\t\t\t\t\t\t<img fetchpriority=\"high\" decoding=\"async\" width=\"631\" height=\"647\" src=\"http:\/\/lavalleedesrosiers.com\/wp-content\/uploads\/2025\/04\/chalet.jpg\" class=\"attachment-full size-full wp-image-5892\" alt=\"\" srcset=\"http:\/\/lavalleedesrosiers.com\/wp-content\/uploads\/2025\/04\/chalet.jpg 631w, http:\/\/lavalleedesrosiers.com\/wp-content\/uploads\/2025\/04\/chalet-293x300.jpg 293w, http:\/\/lavalleedesrosiers.com\/wp-content\/uploads\/2025\/04\/chalet-600x615.jpg 600w\" sizes=\"(max-width: 631px) 100vw, 631px\" \/>\t\t\t\t\t\t\t\t\t\t\t\t\t\t\t<\/div>\n\t\t\t\t<\/div>\n\t\t\t\t\t<\/div>\n\t\t<\/div>\n\t\t\t\t\t<\/div>\n\t\t<\/section>\n\t\t\t\t\t<\/div>\n\t\t<\/div>\n\t\t\t\t\t<\/div>\n\t\t<\/section>\n\t\t\t\t<\/div>\n\t\t","protected":false},"excerpt":{"rendered":"<p>Salle d&#039;\u00e9v\u00e8nements Id\u00e9ale pour des mariages intimes, des r\u00e9unions et Team building, retraite, etc. dans un cadre sc\u00e9nique. Capacit\u00e9 de 50 personnes. Permis de boissons sur place. En savoir plus Randonn\u00e9e p\u00e9destre (septembre et octobre) Un sentier de 3 km avec acc\u00e8s au belv\u00e9d\u00e8re pour admirer les paysages montagneux du Pontiac. Comprend aussi une collation&#8230;<\/p>\n","protected":false},"author":1,"featured_media":0,"parent":2151,"menu_order":0,"comment_status":"closed","ping_status":"closed","template":"template-builder.php","meta":{"_monsterinsights_skip_tracking":false,"_monsterinsights_sitenote_active":false,"_monsterinsights_sitenote_note":"","_monsterinsights_sitenote_category":0,"footnotes":""},"class_list":["post-5128","page","type-page","status-publish","hentry"],"aioseo_notices":[],"_links":{"self":[{"href":"https:\/\/lavalleedesrosiers.com\/fr\/wp-json\/wp\/v2\/pages\/5128","targetHints":{"allow":["GET"]}}],"collection":[{"href":"https:\/\/lavalleedesrosiers.com\/fr\/wp-json\/wp\/v2\/pages"}],"about":[{"href":"https:\/\/lavalleedesrosiers.com\/fr\/wp-json\/wp\/v2\/types\/page"}],"author":[{"embeddable":true,"href":"https:\/\/lavalleedesrosiers.com\/fr\/wp-json\/wp\/v2\/users\/1"}],"replies":[{"embeddable":true,"href":"https:\/\/lavalleedesrosiers.com\/fr\/wp-json\/wp\/v2\/comments?post=5128"}],"version-history":[{"count":52,"href":"https:\/\/lavalleedesrosiers.com\/fr\/wp-json\/wp\/v2\/pages\/5128\/revisions"}],"predecessor-version":[{"id":6639,"href":"https:\/\/lavalleedesrosiers.com\/fr\/wp-json\/wp\/v2\/pages\/5128\/revisions\/6639"}],"up":[{"embeddable":true,"href":"https:\/\/lavalleedesrosiers.com\/fr\/wp-json\/wp\/v2\/pages\/2151"}],"wp:attachment":[{"href":"https:\/\/lavalleedesrosiers.com\/fr\/wp-json\/wp\/v2\/media?parent=5128"}],"curies":[{"name":"wp","href":"https:\/\/api.w.org\/{rel}","templated":true}]}}