{"id":2151,"date":"2021-12-14T05:31:03","date_gmt":"2021-12-14T05:31:03","guid":{"rendered":"https:\/\/wordpress.vecurosoft.com\/naturo\/?page_id=2151"},"modified":"2025-12-23T16:33:52","modified_gmt":"2025-12-23T16:33:52","slug":"activites","status":"publish","type":"page","link":"https:\/\/lavalleedesrosiers.com\/fr\/activites\/","title":{"rendered":"Activit\u00e9s"},"content":{"rendered":"\t\t<div data-elementor-type=\"wp-page\" data-elementor-id=\"2151\" class=\"elementor elementor-2151\">\n\t\t\t\t\t\t<section class=\"elementor-section elementor-top-section elementor-element elementor-element-d41af51 elementor-section-full_width elementor-section-height-default elementor-section-height-default\" data-id=\"d41af51\" data-element_type=\"section\" data-e-type=\"section\">\n\t\t\t\t\t\t<div class=\"elementor-container elementor-column-gap-no\">\n\t\t\t\t\t<div class=\"elementor-column elementor-col-100 elementor-top-column elementor-element elementor-element-2941aeb\" data-id=\"2941aeb\" data-element_type=\"column\" data-e-type=\"column\">\n\t\t\t<div class=\"elementor-widget-wrap elementor-element-populated\">\n\t\t\t\t\t\t<div class=\"elementor-element elementor-element-1b7b7c1 elementor-widget elementor-widget-naturoserviceslider\" data-id=\"1b7b7c1\" data-element_type=\"widget\" data-e-type=\"widget\" data-widget_type=\"naturoserviceslider.default\">\n\t\t\t\t<div class=\"elementor-widget-container\">\n\t\t\t\t\t<!-----------------------Start Serivice Slider Area-----------------------><div class=\"vs-services\"><div class=\"container\"><div class=\"position-relative\"><div class=\"row align-items-center vs-service-no-slider\"><div class=\"col-lg-4 col-md-6\"><div class=\"vs-services-box mb-30\"><div class=\"vs-services-thumb text-center\"><img decoding=\"async\" src=\"http:\/\/lavalleedesrosiers.com\/wp-content\/uploads\/2025\/06\/cabane-a-sucre-scaled.jpg\" alt=\"cabane a sucre scaled\"  \/><\/div><div class=\"vs-services-content\"><h4 class=\"sec-title1 title-color fw-bold mb-15\"><a href=\"\/fr\/activites\/printemps\/\">Printemps<\/a><\/h4><p><span style=\"font-weight: 400\">Toutes les activit\u00e9s offertes pour la saison de printemps.<\/span><\/p><a href=\"\/fr\/activites\/printemps\/\" class=\"link-btn\">En savoir plus<i class=\"fal fa-long-arrow-right\"><\/i><\/a><\/div><\/div><\/div><div class=\"col-lg-4 col-md-6\"><div class=\"vs-services-box mb-30\"><div class=\"vs-services-thumb text-center\"><img decoding=\"async\" src=\"http:\/\/lavalleedesrosiers.com\/wp-content\/uploads\/2025\/04\/Asset-5@3x-100.png\" alt=\"Asset 5@3x 100\"  \/><\/div><div class=\"vs-services-content\"><h4 class=\"sec-title1 title-color fw-bold mb-15\"><a href=\"\/fr\/activites\/ete\/\">\u00c9t\u00e9<\/a><\/h4><p><span style=\"font-weight: 400\">Toutes les activit\u00e9s offertes pour la saison d'\u00e9t\u00e9.<\/span><\/p><a href=\"\/fr\/activites\/ete\/\" class=\"link-btn\">En savoir plus<i class=\"fal fa-long-arrow-right\"><\/i><\/a><\/div><\/div><\/div><div class=\"col-lg-4 col-md-6\"><div class=\"vs-services-box mb-30\"><div class=\"vs-services-thumb text-center\"><img decoding=\"async\" src=\"http:\/\/lavalleedesrosiers.com\/wp-content\/uploads\/2025\/07\/6f08b2ae-fac1-49c4-983d-97ba06e0784b.jpg\" alt=\"6f08b2ae fac1 49c4 983d 97ba06e0784b\"  \/><\/div><div class=\"vs-services-content\"><h4 class=\"sec-title1 title-color fw-bold mb-15\"><a href=\"\/fr\/activites\/automne\/\">Automne<\/a><\/h4><p><span style=\"font-weight: 400\">Toutes les activit\u00e9s offertes pour la saison d'automne.<\/span><\/p><a href=\"\/fr\/activites\/automne\/\" class=\"link-btn\">En savoir plus<i class=\"fal fa-long-arrow-right\"><\/i><\/a><\/div><\/div><\/div><div class=\"col-lg-4 col-md-6\"><div class=\"vs-services-box mb-30\"><div class=\"vs-services-thumb text-center\"><img decoding=\"async\" src=\"http:\/\/lavalleedesrosiers.com\/wp-content\/uploads\/2025\/04\/Asset-3@3x-100.png\" alt=\"Asset 3@3x 100\"  \/><\/div><div class=\"vs-services-content\"><h4 class=\"sec-title1 title-color fw-bold mb-15\"><a href=\"https:\/\/www.escapade-eskimo.com\/\">Hiver<\/a><\/h4><p><span style=\"font-weight: 400\">Toutes les activit\u00e9s offertes pour la saison d'hiver.<\/span><\/p><a href=\"https:\/\/www.escapade-eskimo.com\/\" class=\"link-btn\">En savoir plus<i class=\"fal fa-long-arrow-right\"><\/i><\/a><\/div><\/div><\/div><\/div><\/div><\/div><\/div>\t\t\t\t<\/div>\n\t\t\t\t<\/div>\n\t\t\t\t\t<\/div>\n\t\t<\/div>\n\t\t\t\t\t<\/div>\n\t\t<\/section>\n\t\t\t\t<section class=\"elementor-section elementor-top-section elementor-element elementor-element-5266fed elementor-section-full_width elementor-section-height-default elementor-section-height-default\" data-id=\"5266fed\" data-element_type=\"section\" data-e-type=\"section\" data-settings=\"{&quot;background_background&quot;:&quot;classic&quot;}\">\n\t\t\t\t\t\t<div class=\"elementor-container elementor-column-gap-no\">\n\t\t\t\t\t<div class=\"elementor-column elementor-col-100 elementor-top-column elementor-element elementor-element-b62a1aa\" data-id=\"b62a1aa\" data-element_type=\"column\" data-e-type=\"column\">\n\t\t\t<div class=\"elementor-widget-wrap elementor-element-populated\">\n\t\t\t\t\t\t<section class=\"elementor-section elementor-inner-section elementor-element elementor-element-85cb68c elementor-section-boxed elementor-section-height-default elementor-section-height-default\" data-id=\"85cb68c\" data-element_type=\"section\" data-e-type=\"section\">\n\t\t\t\t\t\t<div class=\"elementor-container elementor-column-gap-no\">\n\t\t\t\t\t<div class=\"elementor-column elementor-col-50 elementor-inner-column elementor-element elementor-element-dfb3bbd\" data-id=\"dfb3bbd\" data-element_type=\"column\" data-e-type=\"column\">\n\t\t\t<div class=\"elementor-widget-wrap elementor-element-populated\">\n\t\t\t\t\t\t<div class=\"elementor-element elementor-element-8651a3b elementor-widget elementor-widget-naturosectiontitle\" data-id=\"8651a3b\" data-element_type=\"widget\" data-e-type=\"widget\" data-widget_type=\"naturosectiontitle.default\">\n\t\t\t\t<div class=\"elementor-widget-container\">\n\t\t\t\t\t<div class=\"section-title\" ><span class=\"sec-title1 subtitle-selector\">Activit\u00e9<\/span><h2 class=\"sec-title2 text-title2 mt-1 title-selector\">R\u00e9servez d\u00e8s maintenant !<\/h2><\/div>\t\t\t\t<\/div>\n\t\t\t\t<\/div>\n\t\t\t\t\t<\/div>\n\t\t<\/div>\n\t\t\t\t<div class=\"elementor-column elementor-col-50 elementor-inner-column elementor-element elementor-element-d1ea611\" data-id=\"d1ea611\" data-element_type=\"column\" data-e-type=\"column\">\n\t\t\t<div class=\"elementor-widget-wrap elementor-element-populated\">\n\t\t\t\t\t\t<div class=\"elementor-element elementor-element-dbd8bd1 elementor-widget elementor-widget-naturobutton\" data-id=\"dbd8bd1\" data-element_type=\"widget\" data-e-type=\"widget\" data-widget_type=\"naturobutton.default\">\n\t\t\t\t<div class=\"elementor-widget-container\">\n\t\t\t\t\t<!-- Button --><div class=\"btn-wrapper\"><a class=\"vs-btn style-1\" href=\"#\"><span><i class=\"fas fa-phone\"><\/i><\/span> Nous-joindre<\/a><\/div><!-- End Button -->\t\t\t\t<\/div>\n\t\t\t\t<\/div>\n\t\t\t\t\t<\/div>\n\t\t<\/div>\n\t\t\t\t\t<\/div>\n\t\t<\/section>\n\t\t\t\t\t<\/div>\n\t\t<\/div>\n\t\t\t\t\t<\/div>\n\t\t<\/section>\n\t\t\t\t<section class=\"elementor-section elementor-top-section elementor-element elementor-element-55ea982 elementor-section-full_width elementor-section-height-default elementor-section-height-default\" data-id=\"55ea982\" data-element_type=\"section\" data-e-type=\"section\">\n\t\t\t\t\t\t<div class=\"elementor-container elementor-column-gap-no\">\n\t\t\t\t\t<div class=\"elementor-column elementor-col-100 elementor-top-column elementor-element elementor-element-6c13608\" data-id=\"6c13608\" data-element_type=\"column\" data-e-type=\"column\">\n\t\t\t<div class=\"elementor-widget-wrap elementor-element-populated\">\n\t\t\t\t\t\t<section class=\"elementor-section elementor-inner-section elementor-element elementor-element-ba78e90 elementor-section-content-middle elementor-section-boxed elementor-section-height-default elementor-section-height-default\" data-id=\"ba78e90\" data-element_type=\"section\" data-e-type=\"section\">\n\t\t\t\t\t\t<div class=\"elementor-container elementor-column-gap-no\">\n\t\t\t\t\t<div class=\"elementor-column elementor-col-50 elementor-inner-column elementor-element elementor-element-6585d56\" data-id=\"6585d56\" data-element_type=\"column\" data-e-type=\"column\">\n\t\t\t<div class=\"elementor-widget-wrap elementor-element-populated\">\n\t\t\t\t\t\t<div class=\"elementor-element elementor-element-f769725 contact-form-wrapper elementor-widget elementor-widget-naturocontactform\" data-id=\"f769725\" data-element_type=\"widget\" data-e-type=\"widget\" data-widget_type=\"naturocontactform.default\">\n\t\t\t\t<div class=\"elementor-widget-container\">\n\t\t\t\t\t<!-- Contact Form --><div class=\"join-form\"><div class=\"join-wrapper\"><div class=\"semi-title-box mb-35\"><h6 class=\"fs-14 fw-medium text-theme mb-2\">\u00c9crivez-nous<\/h6><h4 class=\"text-title mb-35\">Vous avez des questions ou voulez r\u00e9server ?<\/h4><\/div><div class=\"contact-form-box\"><div class=\"contact-form contact-form1\">\n<div class=\"wpcf7 no-js\" id=\"wpcf7-f1103-o1\" lang=\"fr-FR\" dir=\"ltr\" data-wpcf7-id=\"1103\">\n<div class=\"screen-reader-response\"><p role=\"status\" aria-live=\"polite\" aria-atomic=\"true\"><\/p> <ul><\/ul><\/div>\n<form action=\"\/fr\/wp-json\/wp\/v2\/pages\/2151#wpcf7-f1103-o1\" method=\"post\" class=\"wpcf7-form init\" aria-label=\"Formulaire de contact\" novalidate=\"novalidate\" data-status=\"init\">\n<fieldset class=\"hidden-fields-container\"><input type=\"hidden\" name=\"_wpcf7\" value=\"1103\" \/><input type=\"hidden\" name=\"_wpcf7_version\" value=\"6.1.5\" \/><input type=\"hidden\" name=\"_wpcf7_locale\" value=\"fr_FR\" \/><input type=\"hidden\" name=\"_wpcf7_unit_tag\" value=\"wpcf7-f1103-o1\" \/><input type=\"hidden\" name=\"_wpcf7_container_post\" value=\"0\" \/><input type=\"hidden\" name=\"_wpcf7_posted_data_hash\" value=\"\" \/>\n<\/fieldset>\n<div class=\"row g-4\"><div class=\"col-lg-6 col-md-6\"><div class=\"input-box\"><span class=\"wpcf7-form-control-wrap\" data-name=\"text-685\"><input size=\"40\" maxlength=\"400\" class=\"wpcf7-form-control wpcf7-text wpcf7-validates-as-required form-control\" id=\"text-685\" aria-required=\"true\" aria-invalid=\"false\" placeholder=\"Votre nom\" value=\"\" type=\"text\" name=\"text-685\" \/><\/span><i class=\"fal fa-user\"><\/i><\/div><\/div>\n<div class=\"col-lg-6 col-md-6\"><div class=\"input-box ib-2\"><span class=\"wpcf7-form-control-wrap\" data-name=\"email-698\"><input size=\"40\" maxlength=\"400\" class=\"wpcf7-form-control wpcf7-email wpcf7-validates-as-required wpcf7-text wpcf7-validates-as-email form-control\" id=\"email-698\" aria-required=\"true\" aria-invalid=\"false\" placeholder=\"Adresse email\" value=\"\" type=\"email\" name=\"email-698\" \/><\/span><i class=\"fal fa-envelope\"><\/i><\/div><\/div>\n<div class=\"col-lg-6 col-md-6\"><div class=\"input-box ib-3\"><span class=\"wpcf7-form-control-wrap\" data-name=\"text-980\"><input size=\"40\" maxlength=\"400\" class=\"wpcf7-form-control wpcf7-text form-control\" id=\"text-980\" aria-invalid=\"false\" placeholder=\"S\u00e9lectionnez l&#039;emplacement\" value=\"\" type=\"text\" name=\"text-980\" \/><\/span><i class=\"fal fa-map-marker-alt\"><\/i><\/div><\/div>\n<div class=\"col-lg-6 col-md-6\"><div class=\"input-box ib-4\"><span class=\"wpcf7-form-control-wrap\" data-name=\"menu-397\"><select class=\"wpcf7-form-control wpcf7-select form-control\" id=\"menu-397\" aria-invalid=\"false\" name=\"menu-397\"><option value=\"Printemps\">Printemps<\/option><option value=\"\u00c9t\u00e9\">\u00c9t\u00e9<\/option><option value=\"Automne\">Automne<\/option><option value=\"Hiver\">Hiver<\/option><\/select><\/span><i class=\"fal fa-chevron-down\"><\/i><\/div><\/div>\n<div class=\"col-12\"><div class=\"input-box ib-5 mb-10\"><span class=\"wpcf7-form-control-wrap\" data-name=\"textarea-457\"><textarea cols=\"40\" rows=\"10\" maxlength=\"2000\" class=\"wpcf7-form-control wpcf7-textarea wpcf7-validates-as-required form-control\" id=\"textarea-457\" aria-required=\"true\" aria-invalid=\"false\" placeholder=\"D\u00e9crivez votre plan\" name=\"textarea-457\"><\/textarea><\/span><i class=\"fal fa-comment-lines\"><\/i><\/div><\/div>\n<div class=\"col-12\"><button type=\"submit\" class=\"vs-btn wpcf7-submit\"><i class=\"fal fa-paper-plane\"><\/i> Envoy\u00e9 maintenant<\/button><\/div><\/div><div class=\"wpcf7-response-output\" aria-hidden=\"true\"><\/div>\n<\/form>\n<\/div>\n<p class=\"form-messages mt-20 mb-0\"><\/p><\/div><\/div><\/div><\/div>\t\t\t\t<\/div>\n\t\t\t\t<\/div>\n\t\t\t\t\t<\/div>\n\t\t<\/div>\n\t\t\t\t<div class=\"elementor-column elementor-col-50 elementor-inner-column elementor-element elementor-element-304bc94\" data-id=\"304bc94\" data-element_type=\"column\" data-e-type=\"column\">\n\t\t\t<div class=\"elementor-widget-wrap elementor-element-populated\">\n\t\t\t\t\t\t<div class=\"elementor-element elementor-element-43f9c50 elementor-widget elementor-widget-image\" data-id=\"43f9c50\" data-element_type=\"widget\" data-e-type=\"widget\" data-widget_type=\"image.default\">\n\t\t\t\t<div class=\"elementor-widget-container\">\n\t\t\t\t\t\t\t\t\t\t\t\t\t\t\t<img fetchpriority=\"high\" decoding=\"async\" width=\"631\" height=\"647\" src=\"http:\/\/lavalleedesrosiers.com\/wp-content\/uploads\/2025\/04\/chalet.jpg\" class=\"attachment-full size-full wp-image-5892\" alt=\"\" srcset=\"http:\/\/lavalleedesrosiers.com\/wp-content\/uploads\/2025\/04\/chalet.jpg 631w, http:\/\/lavalleedesrosiers.com\/wp-content\/uploads\/2025\/04\/chalet-293x300.jpg 293w, http:\/\/lavalleedesrosiers.com\/wp-content\/uploads\/2025\/04\/chalet-600x615.jpg 600w\" sizes=\"(max-width: 631px) 100vw, 631px\" \/>\t\t\t\t\t\t\t\t\t\t\t\t\t\t\t<\/div>\n\t\t\t\t<\/div>\n\t\t\t\t\t<\/div>\n\t\t<\/div>\n\t\t\t\t\t<\/div>\n\t\t<\/section>\n\t\t\t\t\t<\/div>\n\t\t<\/div>\n\t\t\t\t\t<\/div>\n\t\t<\/section>\n\t\t\t\t<\/div>\n\t\t","protected":false},"excerpt":{"rendered":"<p>Printemps Toutes les activit\u00e9s offertes pour la saison de printemps. Read More \u00c9t\u00e9 Toutes les activit\u00e9s offertes pour la saison d&#8217;\u00e9t\u00e9. Read More Automne Toutes les activit\u00e9s offertes pour la saison d&#8217;automne. Read More Hiver Toutes les activit\u00e9s offertes pour la saison d&#8217;hiver. Read More Activit\u00e9 R\u00e9servez d\u00e8s maintenant ! Nous-joindre \u00c9crivez-nous Vous avez des&#8230;<\/p>\n","protected":false},"author":1,"featured_media":0,"parent":0,"menu_order":0,"comment_status":"closed","ping_status":"closed","template":"template-builder.php","meta":{"_monsterinsights_skip_tracking":false,"_monsterinsights_sitenote_active":false,"_monsterinsights_sitenote_note":"","_monsterinsights_sitenote_category":0,"footnotes":""},"class_list":["post-2151","page","type-page","status-publish","hentry"],"aioseo_notices":[],"_links":{"self":[{"href":"https:\/\/lavalleedesrosiers.com\/fr\/wp-json\/wp\/v2\/pages\/2151","targetHints":{"allow":["GET"]}}],"collection":[{"href":"https:\/\/lavalleedesrosiers.com\/fr\/wp-json\/wp\/v2\/pages"}],"about":[{"href":"https:\/\/lavalleedesrosiers.com\/fr\/wp-json\/wp\/v2\/types\/page"}],"author":[{"embeddable":true,"href":"https:\/\/lavalleedesrosiers.com\/fr\/wp-json\/wp\/v2\/users\/1"}],"replies":[{"embeddable":true,"href":"https:\/\/lavalleedesrosiers.com\/fr\/wp-json\/wp\/v2\/comments?post=2151"}],"version-history":[{"count":45,"href":"https:\/\/lavalleedesrosiers.com\/fr\/wp-json\/wp\/v2\/pages\/2151\/revisions"}],"predecessor-version":[{"id":6822,"href":"https:\/\/lavalleedesrosiers.com\/fr\/wp-json\/wp\/v2\/pages\/2151\/revisions\/6822"}],"wp:attachment":[{"href":"https:\/\/lavalleedesrosiers.com\/fr\/wp-json\/wp\/v2\/media?parent=2151"}],"curies":[{"name":"wp","href":"https:\/\/api.w.org\/{rel}","templated":true}]}}