{"id":2088,"date":"2021-12-13T09:23:05","date_gmt":"2021-12-13T09:23:05","guid":{"rendered":"https:\/\/wordpress.vecurosoft.com\/naturo\/?page_id=2088"},"modified":"2025-10-09T17:36:49","modified_gmt":"2025-10-09T17:36:49","slug":"a-propos","status":"publish","type":"page","link":"https:\/\/lavalleedesrosiers.com\/fr\/a-propos\/","title":{"rendered":"\u00c0 propos"},"content":{"rendered":"\t\t<div data-elementor-type=\"wp-page\" data-elementor-id=\"2088\" class=\"elementor elementor-2088\">\n\t\t\t\t\t\t<section class=\"elementor-section elementor-top-section elementor-element elementor-element-b5e20c7 elementor-section-full_width elementor-section-height-default elementor-section-height-default\" data-id=\"b5e20c7\" data-element_type=\"section\" data-e-type=\"section\">\n\t\t\t\t\t\t<div class=\"elementor-container elementor-column-gap-no\">\n\t\t\t\t\t<div class=\"elementor-column elementor-col-100 elementor-top-column elementor-element elementor-element-210cd8b\" data-id=\"210cd8b\" data-element_type=\"column\" data-e-type=\"column\">\n\t\t\t<div class=\"elementor-widget-wrap elementor-element-populated\">\n\t\t\t\t\t\t<section class=\"elementor-section elementor-inner-section elementor-element elementor-element-72c25bc elementor-section-boxed elementor-section-height-default elementor-section-height-default\" data-id=\"72c25bc\" data-element_type=\"section\" data-e-type=\"section\">\n\t\t\t\t\t\t<div class=\"elementor-container elementor-column-gap-no\">\n\t\t\t\t\t<div class=\"elementor-column elementor-col-50 elementor-inner-column elementor-element elementor-element-ca532b3\" data-id=\"ca532b3\" data-element_type=\"column\" data-e-type=\"column\">\n\t\t\t<div class=\"elementor-widget-wrap elementor-element-populated\">\n\t\t\t\t\t\t<div class=\"elementor-element elementor-element-847bac7 elementor-widget elementor-widget-image\" data-id=\"847bac7\" data-element_type=\"widget\" data-e-type=\"widget\" data-widget_type=\"image.default\">\n\t\t\t\t<div class=\"elementor-widget-container\">\n\t\t\t\t\t\t\t\t\t\t\t\t\t\t\t<img fetchpriority=\"high\" decoding=\"async\" width=\"631\" height=\"647\" src=\"http:\/\/lavalleedesrosiers.com\/wp-content\/uploads\/2025\/06\/image.png\" class=\"attachment-full size-full wp-image-6168\" alt=\"\" srcset=\"http:\/\/lavalleedesrosiers.com\/wp-content\/uploads\/2025\/06\/image.png 631w, http:\/\/lavalleedesrosiers.com\/wp-content\/uploads\/2025\/06\/image-293x300.png 293w, http:\/\/lavalleedesrosiers.com\/wp-content\/uploads\/2025\/06\/image-600x615.png 600w\" sizes=\"(max-width: 631px) 100vw, 631px\" \/>\t\t\t\t\t\t\t\t\t\t\t\t\t\t\t<\/div>\n\t\t\t\t<\/div>\n\t\t\t\t\t<\/div>\n\t\t<\/div>\n\t\t\t\t<div class=\"elementor-column elementor-col-50 elementor-inner-column elementor-element elementor-element-e564cb5\" data-id=\"e564cb5\" data-element_type=\"column\" data-e-type=\"column\">\n\t\t\t<div class=\"elementor-widget-wrap elementor-element-populated\">\n\t\t\t\t\t\t<div class=\"elementor-element elementor-element-c58ac34 style-2 elementor-widget elementor-widget-naturosectiontitle\" data-id=\"c58ac34\" data-element_type=\"widget\" data-e-type=\"widget\" data-widget_type=\"naturosectiontitle.default\">\n\t\t\t\t<div class=\"elementor-widget-container\">\n\t\t\t\t\t<div class=\"section-title\" ><h4 class=\"sec-title1 subtitle-selector\">Domaine Valle\u0301e Desrosiers<\/h4><div class=\"sec_line\"><img decoding=\"async\" src=\"https:\/\/wordpress.vecurosoft.com\/huntar\/wp-content\/uploads\/2021\/11\/about-line-1.png\" alt=\"about line 1\"  class=\"mb-4\" \/><\/div><h2 class=\"sec-title2 text-title2 mt-1 title-selector\">L\u2019histoire commence en 2001<\/h2><\/div>\t\t\t\t<\/div>\n\t\t\t\t<\/div>\n\t\t\t\t<div class=\"elementor-element elementor-element-c345ac7 elementor-widget elementor-widget-text-editor\" data-id=\"c345ac7\" data-element_type=\"widget\" data-e-type=\"widget\" data-widget_type=\"text-editor.default\">\n\t\t\t\t<div class=\"elementor-widget-container\">\n\t\t\t\t\t\t\t\t\t<p>L\u2019histoire commence en 2001, quand le travail nous am\u00e8ne, Caroline et moi, dans la r\u00e9gion du Pontiac. \u00c0 cette \u00e9poque-l\u00e0, j&#8217;\u00e9tais mesureur de bois, technicien de la faune et technicien en transformation des produits forestiers et Caroline est enseignante au pr\u00e9scolaire-primaire. Nous avons eu une occasion unique d\u2019acheter un magnifique domaine de 200 acres dans la municipalit\u00e9 d\u2019Otter Lake. Un endroit parfait pour commencer une nouvelle vie.<\/p><p>Peu \u00e0 peu, l\u2019id\u00e9e de d\u00e9marer une entreprise touristique a germ\u00e9 dans notre esprit. Et pourquoi pas une entreprise de traineaux \u00e0 chiens ? Depuis que je suis enfant, je suis fascin\u00e9 par ce sport, et ce serait une jolie fa\u00e7on de rendre hommage \u00e0 celui qui m\u2019a transmis sa passion : mon d\u00e9funt oncle Fran\u00e7ois Bruneau, sportif depuis 1985. J\u2019ai d\u2019ailleurs eu la chance de garder un de ses chiens, Mouki, pour commencer mon activit\u00e9 en 2004.<\/p><p>Escapade Huskimo \u00e9tait n\u00e9.<\/p><p>Aujourd\u2019hui, notre chenil comprend 49 chiens &#8211; majoritairement descendants de la lign\u00e9e de Mouki &#8211; nous avons rachet\u00e9 plusieurs terrains et un chalet en bois rond, embauch\u00e9 des employ\u00e9s et diversifi\u00e9 nos activit\u00e9s pour vous recevoir en toute saison.\u00a0<\/p><p>Avec Caroline, nous avons toujours plus d\u2019envies et de projets pour vous faire vivre une exp\u00e9rience unique au Domaine\u00a0 Vall\u00e9e Desrosiers. M\u00eame si nous avons gard\u00e9 nos activit\u00e9s professionnelles respectives et que nous avons beaucoup de travail, nous sommes passionn\u00e9s par ce que l\u2019on fait. Et on ne compte pas s\u2019arr\u00eater en si bon chemin.<\/p><p>Le domaine Vall\u00e9e Desrosiers, avec ses 1300 acres, offre maintenant plusieurs activit\u00e9s et services. \u00c0 vous de le d\u00e9couvrir en visitant notre site!<\/p>\t\t\t\t\t\t\t\t<\/div>\n\t\t\t\t<\/div>\n\t\t\t\t\t<\/div>\n\t\t<\/div>\n\t\t\t\t\t<\/div>\n\t\t<\/section>\n\t\t\t\t\t<\/div>\n\t\t<\/div>\n\t\t\t\t\t<\/div>\n\t\t<\/section>\n\t\t\t\t<section class=\"elementor-section elementor-top-section elementor-element elementor-element-02b57a8 elementor-section-full_width elementor-section-height-default elementor-section-height-default\" data-id=\"02b57a8\" data-element_type=\"section\" data-e-type=\"section\" data-settings=\"{&quot;background_background&quot;:&quot;classic&quot;}\">\n\t\t\t\t\t\t<div class=\"elementor-container elementor-column-gap-no\">\n\t\t\t\t\t<div class=\"elementor-column elementor-col-100 elementor-top-column elementor-element elementor-element-e44a813\" data-id=\"e44a813\" data-element_type=\"column\" data-e-type=\"column\" data-settings=\"{&quot;background_background&quot;:&quot;classic&quot;}\">\n\t\t\t<div class=\"elementor-widget-wrap elementor-element-populated\">\n\t\t\t\t\t\t<div class=\"elementor-element elementor-element-ad29a44 elementor-widget elementor-widget-naturohowwework\" data-id=\"ad29a44\" data-element_type=\"widget\" data-e-type=\"widget\" data-widget_type=\"naturohowwework.default\">\n\t\t\t\t<div class=\"elementor-widget-container\">\n\t\t\t\t\t<div class=\"vs-how-we-work-wrapper\"><div class=\"process-bg\"><div class=\"container\"><div class=\"row\"><div class=\"col-lg-3 col-md-6\"><div class=\"process-box text-center mb-30\"><div class=\"process-icon\"><img decoding=\"async\" src=\"http:\/\/lavalleedesrosiers.com\/wp-content\/uploads\/2025\/07\/p-1.png\" alt=\"p 1\"  \/><span class=\"badge\">1<\/span><\/div><div class=\"process-content mt-10\"><h5 class=\"semi-title fw-medium mb-10\">D\u00e9tente et relaxation<\/h5><\/div><\/div><\/div><div class=\"col-lg-3 col-md-6\"><div class=\"process-box text-center mb-30\"><div class=\"process-icon\"><img decoding=\"async\" src=\"http:\/\/lavalleedesrosiers.com\/wp-content\/uploads\/2025\/07\/p-2.png\" alt=\"p 2\"  \/><span class=\"badge\">2<\/span><\/div><div class=\"process-content mt-10\"><h5 class=\"semi-title fw-medium mb-10\">H\u00e9bergement <\/h5><\/div><\/div><\/div><div class=\"col-lg-3 col-md-6\"><div class=\"process-box text-center mb-30\"><div class=\"process-icon\"><img decoding=\"async\" src=\"http:\/\/lavalleedesrosiers.com\/wp-content\/uploads\/2025\/07\/p-3.png\" alt=\"p 3\"  \/><span class=\"badge\">3<\/span><\/div><div class=\"process-content mt-10\"><h5 class=\"semi-title fw-medium mb-10\">Forfait exp\u00e9rience cabane \u00e0 sucre<\/h5><\/div><\/div><\/div><div class=\"col-lg-3 col-md-6\"><div class=\"process-box text-center mb-30\"><div class=\"process-icon\"><img decoding=\"async\" src=\"http:\/\/lavalleedesrosiers.com\/wp-content\/uploads\/2025\/07\/p-4.png\" alt=\"p 4\"  \/><span class=\"badge\">4<\/span><\/div><div class=\"process-content mt-10\"><h5 class=\"semi-title fw-medium mb-10\">Pourvoirie<\/h5><\/div><\/div><\/div><\/div><\/div><\/div><\/div>\t\t\t\t<\/div>\n\t\t\t\t<\/div>\n\t\t\t\t\t<\/div>\n\t\t<\/div>\n\t\t\t\t\t<\/div>\n\t\t<\/section>\n\t\t\t\t<\/div>\n\t\t","protected":false},"excerpt":{"rendered":"<p>Domaine Valle\u0301e Desrosiers L\u2019histoire commence en 2001 L\u2019histoire commence en 2001, quand le travail nous am\u00e8ne, Caroline et moi, dans la r\u00e9gion du Pontiac. \u00c0 cette \u00e9poque-l\u00e0, j&#8217;\u00e9tais mesureur de bois, technicien de la faune et technicien en transformation des produits forestiers et Caroline est enseignante au pr\u00e9scolaire-primaire. Nous avons eu une occasion unique d\u2019acheter&#8230;<\/p>\n","protected":false},"author":1,"featured_media":0,"parent":0,"menu_order":0,"comment_status":"closed","ping_status":"closed","template":"template-builder.php","meta":{"_monsterinsights_skip_tracking":false,"_monsterinsights_sitenote_active":false,"_monsterinsights_sitenote_note":"","_monsterinsights_sitenote_category":0,"footnotes":""},"class_list":["post-2088","page","type-page","status-publish","hentry"],"aioseo_notices":[],"_links":{"self":[{"href":"https:\/\/lavalleedesrosiers.com\/fr\/wp-json\/wp\/v2\/pages\/2088","targetHints":{"allow":["GET"]}}],"collection":[{"href":"https:\/\/lavalleedesrosiers.com\/fr\/wp-json\/wp\/v2\/pages"}],"about":[{"href":"https:\/\/lavalleedesrosiers.com\/fr\/wp-json\/wp\/v2\/types\/page"}],"author":[{"embeddable":true,"href":"https:\/\/lavalleedesrosiers.com\/fr\/wp-json\/wp\/v2\/users\/1"}],"replies":[{"embeddable":true,"href":"https:\/\/lavalleedesrosiers.com\/fr\/wp-json\/wp\/v2\/comments?post=2088"}],"version-history":[{"count":32,"href":"https:\/\/lavalleedesrosiers.com\/fr\/wp-json\/wp\/v2\/pages\/2088\/revisions"}],"predecessor-version":[{"id":6665,"href":"https:\/\/lavalleedesrosiers.com\/fr\/wp-json\/wp\/v2\/pages\/2088\/revisions\/6665"}],"wp:attachment":[{"href":"https:\/\/lavalleedesrosiers.com\/fr\/wp-json\/wp\/v2\/media?parent=2088"}],"curies":[{"name":"wp","href":"https:\/\/api.w.org\/{rel}","templated":true}]}}