{"id":1474,"date":"2021-11-23T03:35:59","date_gmt":"2021-11-23T03:35:59","guid":{"rendered":"https:\/\/wordpress.vecurosoft.com\/naturo\/?page_id=1474"},"modified":"2025-08-26T15:12:48","modified_gmt":"2025-08-26T15:12:48","slug":"nous-joindre","status":"publish","type":"page","link":"https:\/\/lavalleedesrosiers.com\/fr\/nous-joindre\/","title":{"rendered":"Nous joindre"},"content":{"rendered":"\t\t<div data-elementor-type=\"wp-page\" data-elementor-id=\"1474\" class=\"elementor elementor-1474\">\n\t\t\t\t\t\t<section class=\"elementor-section elementor-top-section elementor-element elementor-element-dc3ec37 elementor-section-full_width elementor-section-height-default elementor-section-height-default\" data-id=\"dc3ec37\" data-element_type=\"section\" data-e-type=\"section\">\n\t\t\t\t\t\t<div class=\"elementor-container elementor-column-gap-no\">\n\t\t\t\t\t<div class=\"elementor-column elementor-col-100 elementor-top-column elementor-element elementor-element-5e5b3ed\" data-id=\"5e5b3ed\" data-element_type=\"column\" data-e-type=\"column\">\n\t\t\t<div class=\"elementor-widget-wrap elementor-element-populated\">\n\t\t\t\t\t\t<section class=\"elementor-section elementor-inner-section elementor-element elementor-element-89bea9b elementor-section-content-middle elementor-section-boxed elementor-section-height-default elementor-section-height-default\" data-id=\"89bea9b\" data-element_type=\"section\" data-e-type=\"section\">\n\t\t\t\t\t\t<div class=\"elementor-container elementor-column-gap-no\">\n\t\t\t\t\t<div class=\"elementor-column elementor-col-50 elementor-inner-column elementor-element elementor-element-815b4b5\" data-id=\"815b4b5\" data-element_type=\"column\" data-e-type=\"column\">\n\t\t\t<div class=\"elementor-widget-wrap elementor-element-populated\">\n\t\t\t\t\t\t<div class=\"elementor-element elementor-element-3a4bcad contact-form-wrapper elementor-widget elementor-widget-naturocontactform\" data-id=\"3a4bcad\" data-element_type=\"widget\" data-e-type=\"widget\" data-widget_type=\"naturocontactform.default\">\n\t\t\t\t<div class=\"elementor-widget-container\">\n\t\t\t\t\t<!-- Contact Form --><div class=\"join-form\"><div class=\"join-wrapper\"><div class=\"semi-title-box mb-35\"><h6 class=\"fs-14 fw-medium text-theme mb-2\">\u00c9crivez-nous<\/h6><h4 class=\"text-title mb-35\">Vous avez des questions ou voulez r\u00e9server ?<\/h4><\/div><div class=\"contact-form-box\"><div class=\"contact-form contact-form1\">\n<div class=\"wpcf7 no-js\" id=\"wpcf7-f1103-o1\" lang=\"fr-FR\" dir=\"ltr\" data-wpcf7-id=\"1103\">\n<div class=\"screen-reader-response\"><p role=\"status\" aria-live=\"polite\" aria-atomic=\"true\"><\/p> <ul><\/ul><\/div>\n<form action=\"\/fr\/wp-json\/wp\/v2\/pages\/1474#wpcf7-f1103-o1\" method=\"post\" class=\"wpcf7-form init\" aria-label=\"Formulaire de contact\" novalidate=\"novalidate\" data-status=\"init\">\n<fieldset class=\"hidden-fields-container\"><input type=\"hidden\" name=\"_wpcf7\" value=\"1103\" \/><input type=\"hidden\" name=\"_wpcf7_version\" value=\"6.1.5\" \/><input type=\"hidden\" name=\"_wpcf7_locale\" value=\"fr_FR\" \/><input type=\"hidden\" name=\"_wpcf7_unit_tag\" value=\"wpcf7-f1103-o1\" \/><input type=\"hidden\" name=\"_wpcf7_container_post\" value=\"0\" \/><input type=\"hidden\" name=\"_wpcf7_posted_data_hash\" value=\"\" \/>\n<\/fieldset>\n<div class=\"row g-4\"><div class=\"col-lg-6 col-md-6\"><div class=\"input-box\"><span class=\"wpcf7-form-control-wrap\" data-name=\"text-685\"><input size=\"40\" maxlength=\"400\" class=\"wpcf7-form-control wpcf7-text wpcf7-validates-as-required form-control\" id=\"text-685\" aria-required=\"true\" aria-invalid=\"false\" placeholder=\"Votre nom\" value=\"\" type=\"text\" name=\"text-685\" \/><\/span><i class=\"fal fa-user\"><\/i><\/div><\/div>\n<div class=\"col-lg-6 col-md-6\"><div class=\"input-box ib-2\"><span class=\"wpcf7-form-control-wrap\" data-name=\"email-698\"><input size=\"40\" maxlength=\"400\" class=\"wpcf7-form-control wpcf7-email wpcf7-validates-as-required wpcf7-text wpcf7-validates-as-email form-control\" id=\"email-698\" aria-required=\"true\" aria-invalid=\"false\" placeholder=\"Adresse email\" value=\"\" type=\"email\" name=\"email-698\" \/><\/span><i class=\"fal fa-envelope\"><\/i><\/div><\/div>\n<div class=\"col-lg-6 col-md-6\"><div class=\"input-box ib-3\"><span class=\"wpcf7-form-control-wrap\" data-name=\"text-980\"><input size=\"40\" maxlength=\"400\" class=\"wpcf7-form-control wpcf7-text form-control\" id=\"text-980\" aria-invalid=\"false\" placeholder=\"S\u00e9lectionnez l&#039;emplacement\" value=\"\" type=\"text\" name=\"text-980\" \/><\/span><i class=\"fal fa-map-marker-alt\"><\/i><\/div><\/div>\n<div class=\"col-lg-6 col-md-6\"><div class=\"input-box ib-4\"><span class=\"wpcf7-form-control-wrap\" data-name=\"menu-397\"><select class=\"wpcf7-form-control wpcf7-select form-control\" id=\"menu-397\" aria-invalid=\"false\" name=\"menu-397\"><option value=\"Printemps\">Printemps<\/option><option value=\"\u00c9t\u00e9\">\u00c9t\u00e9<\/option><option value=\"Automne\">Automne<\/option><option value=\"Hiver\">Hiver<\/option><\/select><\/span><i class=\"fal fa-chevron-down\"><\/i><\/div><\/div>\n<div class=\"col-12\"><div class=\"input-box ib-5 mb-10\"><span class=\"wpcf7-form-control-wrap\" data-name=\"textarea-457\"><textarea cols=\"40\" rows=\"10\" maxlength=\"2000\" class=\"wpcf7-form-control wpcf7-textarea wpcf7-validates-as-required form-control\" id=\"textarea-457\" aria-required=\"true\" aria-invalid=\"false\" placeholder=\"D\u00e9crivez votre plan\" name=\"textarea-457\"><\/textarea><\/span><i class=\"fal fa-comment-lines\"><\/i><\/div><\/div>\n<div class=\"col-12\"><button type=\"submit\" class=\"vs-btn wpcf7-submit\"><i class=\"fal fa-paper-plane\"><\/i> Envoy\u00e9 maintenant<\/button><\/div><\/div><div class=\"wpcf7-response-output\" aria-hidden=\"true\"><\/div>\n<\/form>\n<\/div>\n<p class=\"form-messages mt-20 mb-0\"><\/p><\/div><\/div><\/div><\/div>\t\t\t\t<\/div>\n\t\t\t\t<\/div>\n\t\t\t\t\t<\/div>\n\t\t<\/div>\n\t\t\t\t<div class=\"elementor-column elementor-col-50 elementor-inner-column elementor-element elementor-element-d15fd5a\" data-id=\"d15fd5a\" data-element_type=\"column\" data-e-type=\"column\">\n\t\t\t<div class=\"elementor-widget-wrap elementor-element-populated\">\n\t\t\t\t\t\t<div class=\"elementor-element elementor-element-781aee3 elementor-widget elementor-widget-image\" data-id=\"781aee3\" data-element_type=\"widget\" data-e-type=\"widget\" data-widget_type=\"image.default\">\n\t\t\t\t<div class=\"elementor-widget-container\">\n\t\t\t\t\t\t\t\t\t\t\t\t\t\t\t<img fetchpriority=\"high\" decoding=\"async\" width=\"631\" height=\"647\" src=\"http:\/\/lavalleedesrosiers.com\/wp-content\/uploads\/2025\/04\/chalet.jpg\" class=\"attachment-full size-full wp-image-5892\" alt=\"\" srcset=\"http:\/\/lavalleedesrosiers.com\/wp-content\/uploads\/2025\/04\/chalet.jpg 631w, http:\/\/lavalleedesrosiers.com\/wp-content\/uploads\/2025\/04\/chalet-293x300.jpg 293w, http:\/\/lavalleedesrosiers.com\/wp-content\/uploads\/2025\/04\/chalet-600x615.jpg 600w\" sizes=\"(max-width: 631px) 100vw, 631px\" \/>\t\t\t\t\t\t\t\t\t\t\t\t\t\t\t<\/div>\n\t\t\t\t<\/div>\n\t\t\t\t\t<\/div>\n\t\t<\/div>\n\t\t\t\t\t<\/div>\n\t\t<\/section>\n\t\t\t\t\t<\/div>\n\t\t<\/div>\n\t\t\t\t\t<\/div>\n\t\t<\/section>\n\t\t\t\t<section class=\"elementor-section elementor-top-section elementor-element elementor-element-d1d4fe5 elementor-section-full_width elementor-section-height-default elementor-section-height-default\" data-id=\"d1d4fe5\" data-element_type=\"section\" data-e-type=\"section\" data-settings=\"{&quot;background_background&quot;:&quot;classic&quot;}\">\n\t\t\t\t\t\t<div class=\"elementor-container elementor-column-gap-no\">\n\t\t\t\t\t<div class=\"elementor-column elementor-col-100 elementor-top-column elementor-element elementor-element-72cb686\" data-id=\"72cb686\" data-element_type=\"column\" data-e-type=\"column\">\n\t\t\t<div class=\"elementor-widget-wrap elementor-element-populated\">\n\t\t\t\t\t\t<section class=\"elementor-section elementor-inner-section elementor-element elementor-element-0344fd4 elementor-section-content-middle elementor-section-boxed elementor-section-height-default elementor-section-height-default\" data-id=\"0344fd4\" data-element_type=\"section\" data-e-type=\"section\">\n\t\t\t\t\t\t<div class=\"elementor-container elementor-column-gap-no\">\n\t\t\t\t\t<div class=\"elementor-column elementor-col-100 elementor-inner-column elementor-element elementor-element-b7e8eb8\" data-id=\"b7e8eb8\" data-element_type=\"column\" data-e-type=\"column\">\n\t\t\t<div class=\"elementor-widget-wrap elementor-element-populated\">\n\t\t\t\t\t\t<div class=\"elementor-element elementor-element-e44280a contact-form-wrapper elementor-widget elementor-widget-naturocontactform\" data-id=\"e44280a\" data-element_type=\"widget\" data-e-type=\"widget\" data-widget_type=\"naturocontactform.default\">\n\t\t\t\t<div class=\"elementor-widget-container\">\n\t\t\t\t\t<!-- Contact Form --><div class=\"join-form\"><div class=\"join-wrapper\"><div class=\"semi-title-box mb-35\"><h6 class=\"fs-14 fw-medium text-theme mb-2\">Directions <\/h6><\/div><div class=\"contact-form-box\"><div class=\"contact-form contact-form1\"><p class=\"form-messages mt-20 mb-0\"><\/p><\/div><\/div><\/div><\/div>\t\t\t\t<\/div>\n\t\t\t\t<\/div>\n\t\t\t\t<div class=\"elementor-element elementor-element-489c479 elementor-widget elementor-widget-n-accordion\" data-id=\"489c479\" data-element_type=\"widget\" data-e-type=\"widget\" data-settings=\"{&quot;default_state&quot;:&quot;expanded&quot;,&quot;max_items_expended&quot;:&quot;one&quot;,&quot;n_accordion_animation_duration&quot;:{&quot;unit&quot;:&quot;ms&quot;,&quot;size&quot;:400,&quot;sizes&quot;:[]}}\" data-widget_type=\"nested-accordion.default\">\n\t\t\t\t<div class=\"elementor-widget-container\">\n\t\t\t\t\t\t\t<div class=\"e-n-accordion\" aria-label=\"Accordion. Open links with Enter or Space, close with Escape, and navigate with Arrow Keys\">\n\t\t\t\t\t\t<details id=\"e-n-accordion-item-7610\" class=\"e-n-accordion-item\" open>\n\t\t\t\t<summary class=\"e-n-accordion-item-title\" data-accordion-index=\"1\" tabindex=\"0\" aria-expanded=\"true\" aria-controls=\"e-n-accordion-item-7610\" >\n\t\t\t\t\t<span class='e-n-accordion-item-title-header'><div class=\"e-n-accordion-item-title-text\"> Pour venir depuis Ottawa\/Gatineau\u00a0: <\/div><\/span>\n\t\t\t\t\t\t\t<span class='e-n-accordion-item-title-icon'>\n\t\t\t<span class='e-opened' ><svg aria-hidden=\"true\" class=\"e-font-icon-svg e-fas-minus\" viewBox=\"0 0 448 512\" xmlns=\"http:\/\/www.w3.org\/2000\/svg\"><path d=\"M416 208H32c-17.67 0-32 14.33-32 32v32c0 17.67 14.33 32 32 32h384c17.67 0 32-14.33 32-32v-32c0-17.67-14.33-32-32-32z\"><\/path><\/svg><\/span>\n\t\t\t<span class='e-closed'><svg aria-hidden=\"true\" class=\"e-font-icon-svg e-fas-plus\" viewBox=\"0 0 448 512\" xmlns=\"http:\/\/www.w3.org\/2000\/svg\"><path d=\"M416 208H272V64c0-17.67-14.33-32-32-32h-32c-17.67 0-32 14.33-32 32v144H32c-17.67 0-32 14.33-32 32v32c0 17.67 14.33 32 32 32h144v144c0 17.67 14.33 32 32 32h32c17.67 0 32-14.33 32-32V304h144c17.67 0 32-14.33 32-32v-32c0-17.67-14.33-32-32-32z\"><\/path><\/svg><\/span>\n\t\t<\/span>\n\n\t\t\t\t\t\t<\/summary>\n\t\t\t\t<div role=\"region\" aria-labelledby=\"e-n-accordion-item-7610\" class=\"elementor-element elementor-element-e0cd783 e-con-full e-flex e-con e-child\" data-id=\"e0cd783\" data-element_type=\"container\" data-e-type=\"container\">\n\t\t<div role=\"region\" aria-labelledby=\"e-n-accordion-item-7610\" class=\"elementor-element elementor-element-267d66e e-flex e-con-boxed e-con e-child\" data-id=\"267d66e\" data-element_type=\"container\" data-e-type=\"container\">\n\t\t\t\t\t<div class=\"e-con-inner\">\n\t\t\t\t<div class=\"elementor-element elementor-element-4b06b37 elementor-widget elementor-widget-text-editor\" data-id=\"4b06b37\" data-element_type=\"widget\" data-e-type=\"widget\" data-widget_type=\"text-editor.default\">\n\t\t\t\t<div class=\"elementor-widget-container\">\n\t\t\t\t\t\t\t\t\t<p>\u00c0 partir de la rue King Edward vous pouvez traverser au\u00a0<strong>Quebec<\/strong>. Suivez les indications pour la\u00a0<strong>Route 5 Nord.<\/strong>\u00a0Vous devez vous rendre jusqu&#8217;\u00e0 la\u00a0fin\u00a0de cette route \u00e0\u00a0Wakefield. La route devient ensuite la\u00a0<strong>105 Nord<\/strong>. Continuez sur cette route jusqu&#8217;\u00e0 <strong>Kazabazua<\/strong>. Lorsque vous arriverez\u00a0Kazabazua\u00a0vous verrez la\u00a0<strong>Route 301<\/strong>\u00a0\u00e0 votre\u00a0gauche. Tournez sur cette route et vous avez 26 km (16.1 miles) \u00e0 faire pour vous rendre jusqu\u2019\u00e0 chez nous. Notre adresse\u00a0<strong>1378<\/strong>\u00a0est indiqu\u00e9e sur une affiche bleue \u00e0 votre\u00a0gauche..<\/p>\t\t\t\t\t\t\t\t<\/div>\n\t\t\t\t<\/div>\n\t\t\t\t\t<\/div>\n\t\t\t\t<\/div>\n\t\t\t\t<\/div>\n\t\t\t\t\t<\/details>\n\t\t\t\t\t\t<details id=\"e-n-accordion-item-7611\" class=\"e-n-accordion-item\" >\n\t\t\t\t<summary class=\"e-n-accordion-item-title\" data-accordion-index=\"2\" tabindex=\"-1\" aria-expanded=\"false\" aria-controls=\"e-n-accordion-item-7611\" >\n\t\t\t\t\t<span class='e-n-accordion-item-title-header'><div class=\"e-n-accordion-item-title-text\"> Pour venir depuis Renfrew : <\/div><\/span>\n\t\t\t\t\t\t\t<span class='e-n-accordion-item-title-icon'>\n\t\t\t<span class='e-opened' ><svg aria-hidden=\"true\" class=\"e-font-icon-svg e-fas-minus\" viewBox=\"0 0 448 512\" xmlns=\"http:\/\/www.w3.org\/2000\/svg\"><path d=\"M416 208H32c-17.67 0-32 14.33-32 32v32c0 17.67 14.33 32 32 32h384c17.67 0 32-14.33 32-32v-32c0-17.67-14.33-32-32-32z\"><\/path><\/svg><\/span>\n\t\t\t<span class='e-closed'><svg aria-hidden=\"true\" class=\"e-font-icon-svg e-fas-plus\" viewBox=\"0 0 448 512\" xmlns=\"http:\/\/www.w3.org\/2000\/svg\"><path d=\"M416 208H272V64c0-17.67-14.33-32-32-32h-32c-17.67 0-32 14.33-32 32v144H32c-17.67 0-32 14.33-32 32v32c0 17.67 14.33 32 32 32h144v144c0 17.67 14.33 32 32 32h32c17.67 0 32-14.33 32-32V304h144c17.67 0 32-14.33 32-32v-32c0-17.67-14.33-32-32-32z\"><\/path><\/svg><\/span>\n\t\t<\/span>\n\n\t\t\t\t\t\t<\/summary>\n\t\t\t\t<div role=\"region\" aria-labelledby=\"e-n-accordion-item-7611\" class=\"elementor-element elementor-element-0382e35 e-con-full e-flex e-con e-child\" data-id=\"0382e35\" data-element_type=\"container\" data-e-type=\"container\">\n\t\t\t\t<div class=\"elementor-element elementor-element-8bfe662 elementor-widget elementor-widget-text-editor\" data-id=\"8bfe662\" data-element_type=\"widget\" data-e-type=\"widget\" data-widget_type=\"text-editor.default\">\n\t\t\t\t<div class=\"elementor-widget-container\">\n\t\t\t\t\t\t\t\t\t<p>Prendre la <strong>Route 17 Ouest<\/strong> et continuez pour 5 km (3.1 miles) jusqu\u2019au chemin <strong>Storyland Rd<\/strong>. Tournez \u00e0 droite et parcourez 4.3 km (2.6 miles) jusqu\u2019au premier stop. Tournez \u00e0 droite et rendez vous jusqu\u2019au bout du chemin, \u00e0 <strong>la jonction de la Route 148.<\/strong> Tournez \u00e0 gauche et faites 10 km (6.2 miles) jusqu\u2019au village d <strong>Campbell&#8217;s Bay<\/strong>. Tournez \u00e0 droite sur la <strong>Route 301 Nord<\/strong> et continuez en direction Nord jusqu\u2019au village de <strong>Otter Lake<\/strong> (21km\/13 miles). Continuez sur la <strong>Route 301 Nord<\/strong> et nous sommes situ\u00e9s \u00e0 12 km (7.4 miles) apr\u00e8s le village de <strong>Otter Lake<\/strong>. Notre adresse 1378 est indiqu\u00e9e sur une affiche bleue \u00e0 votre <span style=\"text-decoration: underline;\">droite<\/span>.<\/p>\t\t\t\t\t\t\t\t<\/div>\n\t\t\t\t<\/div>\n\t\t\t\t<\/div>\n\t\t\t\t\t<\/details>\n\t\t\t\t\t\t<details id=\"e-n-accordion-item-7612\" class=\"e-n-accordion-item\" >\n\t\t\t\t<summary class=\"e-n-accordion-item-title\" data-accordion-index=\"3\" tabindex=\"-1\" aria-expanded=\"false\" aria-controls=\"e-n-accordion-item-7612\" >\n\t\t\t\t\t<span class='e-n-accordion-item-title-header'><div class=\"e-n-accordion-item-title-text\"> Pour devenir depuis Pembroke : <\/div><\/span>\n\t\t\t\t\t\t\t<span class='e-n-accordion-item-title-icon'>\n\t\t\t<span class='e-opened' ><svg aria-hidden=\"true\" class=\"e-font-icon-svg e-fas-minus\" viewBox=\"0 0 448 512\" xmlns=\"http:\/\/www.w3.org\/2000\/svg\"><path d=\"M416 208H32c-17.67 0-32 14.33-32 32v32c0 17.67 14.33 32 32 32h384c17.67 0 32-14.33 32-32v-32c0-17.67-14.33-32-32-32z\"><\/path><\/svg><\/span>\n\t\t\t<span class='e-closed'><svg aria-hidden=\"true\" class=\"e-font-icon-svg e-fas-plus\" viewBox=\"0 0 448 512\" xmlns=\"http:\/\/www.w3.org\/2000\/svg\"><path d=\"M416 208H272V64c0-17.67-14.33-32-32-32h-32c-17.67 0-32 14.33-32 32v144H32c-17.67 0-32 14.33-32 32v32c0 17.67 14.33 32 32 32h144v144c0 17.67 14.33 32 32 32h32c17.67 0 32-14.33 32-32V304h144c17.67 0 32-14.33 32-32v-32c0-17.67-14.33-32-32-32z\"><\/path><\/svg><\/span>\n\t\t<\/span>\n\n\t\t\t\t\t\t<\/summary>\n\t\t\t\t<div role=\"region\" aria-labelledby=\"e-n-accordion-item-7612\" class=\"elementor-element elementor-element-98ae4ef e-con-full e-flex e-con e-child\" data-id=\"98ae4ef\" data-element_type=\"container\" data-e-type=\"container\">\n\t\t\t\t<div class=\"elementor-element elementor-element-0e3abe3 elementor-widget elementor-widget-text-editor\" data-id=\"0e3abe3\" data-element_type=\"widget\" data-e-type=\"widget\" data-widget_type=\"text-editor.default\">\n\t\t\t\t<div class=\"elementor-widget-container\">\n\t\t\t\t\t\t\t\t\t<p>Traversez le pont vers le Quebec sur la <strong>Route 148<\/strong>. Faites 54 km (33.5 miles) sur la <strong>Route 148<\/strong> jusqu\u2019au village de <strong>Campbell&#8217;s Bay<\/strong>. Tournez \u00e0 gauche sur la <strong>Route 301 Nord<\/strong> et continuez jusqu\u2019au village de <strong>Otter Lake<\/strong> (21km\/13 miles). Continuez sur la <strong>Route 301 Nord<\/strong>; nous sommes situ\u00e9s \u00e0 12 km (7.4 miles) apr\u00e8s le village de <strong>Otter Lake<\/strong>. Notre adresse 1378 est indiqu\u00e9e sur une affiche bleue \u00e0 votre droite.<\/p>\t\t\t\t\t\t\t\t<\/div>\n\t\t\t\t<\/div>\n\t\t\t\t<\/div>\n\t\t\t\t\t<\/details>\n\t\t\t\t\t<\/div>\n\t\t\t\t\t\t<\/div>\n\t\t\t\t<\/div>\n\t\t\t\t\t<\/div>\n\t\t<\/div>\n\t\t\t\t\t<\/div>\n\t\t<\/section>\n\t\t\t\t\t<\/div>\n\t\t<\/div>\n\t\t\t\t\t<\/div>\n\t\t<\/section>\n\t\t\t\t<section class=\"elementor-section elementor-top-section elementor-element elementor-element-a5ba702 elementor-section-full_width elementor-section-height-default elementor-section-height-default\" data-id=\"a5ba702\" data-element_type=\"section\" data-e-type=\"section\">\n\t\t\t\t\t\t<div class=\"elementor-container elementor-column-gap-no\">\n\t\t\t\t\t<div class=\"elementor-column elementor-col-100 elementor-top-column elementor-element elementor-element-a1af26a\" data-id=\"a1af26a\" data-element_type=\"column\" data-e-type=\"column\">\n\t\t\t<div class=\"elementor-widget-wrap elementor-element-populated\">\n\t\t\t\t\t\t<section class=\"elementor-section elementor-inner-section elementor-element elementor-element-314ca35 elementor-section-boxed elementor-section-height-default elementor-section-height-default\" data-id=\"314ca35\" data-element_type=\"section\" data-e-type=\"section\">\n\t\t\t\t\t\t<div class=\"elementor-container elementor-column-gap-no\">\n\t\t\t\t\t<div class=\"elementor-column elementor-col-33 elementor-inner-column elementor-element elementor-element-dd0d6a7\" data-id=\"dd0d6a7\" data-element_type=\"column\" data-e-type=\"column\" data-settings=\"{&quot;background_background&quot;:&quot;classic&quot;}\">\n\t\t\t<div class=\"elementor-widget-wrap elementor-element-populated\">\n\t\t\t\t\t\t<div class=\"elementor-element elementor-element-3079320 elementor-widget elementor-widget-naturosinglecontactinfo\" data-id=\"3079320\" data-element_type=\"widget\" data-e-type=\"widget\" data-widget_type=\"naturosinglecontactinfo.default\">\n\t\t\t\t<div class=\"elementor-widget-container\">\n\t\t\t\t\t<!-----------------------Start Features Area-----------------------><div class=\"info-bg mb-30\"><div class=\"info-box text-center\"><div class=\"icon\"><i class=\"flaticon-telephone\"><\/i><\/div><h4 class=\"h4 mb-4\">Phone Number<\/h4><div class=\"info-list\"><a class=\"fs-16 d-block mb-1 text-body\" href=\"tel:(+1)6134545443\">(+1) 613-454-5443<\/a><\/div><\/div><\/div><!-----------------------End Features Area----------------------->\t\t\t\t<\/div>\n\t\t\t\t<\/div>\n\t\t\t\t\t<\/div>\n\t\t<\/div>\n\t\t\t\t<div class=\"elementor-column elementor-col-33 elementor-inner-column elementor-element elementor-element-5d1d91b\" data-id=\"5d1d91b\" data-element_type=\"column\" data-e-type=\"column\" data-settings=\"{&quot;background_background&quot;:&quot;classic&quot;}\">\n\t\t\t<div class=\"elementor-widget-wrap elementor-element-populated\">\n\t\t\t\t\t\t<div class=\"elementor-element elementor-element-e25e882 elementor-widget elementor-widget-naturosinglecontactinfo\" data-id=\"e25e882\" data-element_type=\"widget\" data-e-type=\"widget\" data-widget_type=\"naturosinglecontactinfo.default\">\n\t\t\t\t<div class=\"elementor-widget-container\">\n\t\t\t\t\t<!-----------------------Start Features Area-----------------------><div class=\"info-bg mb-30\"><div class=\"info-box text-center\"><div class=\"icon\"><i class=\"flaticon-pin\"><\/i><\/div><h4 class=\"h4 mb-4\">Office Address<\/h4><span class=\"fs-16 d-block mb-1\">1378, route 301, Otter Lake, Qc, Canada, J0X 2P0<\/span><\/div><\/div><!-----------------------End Features Area----------------------->\t\t\t\t<\/div>\n\t\t\t\t<\/div>\n\t\t\t\t\t<\/div>\n\t\t<\/div>\n\t\t\t\t<div class=\"elementor-column elementor-col-33 elementor-inner-column elementor-element elementor-element-d16c14e\" data-id=\"d16c14e\" data-element_type=\"column\" data-e-type=\"column\" data-settings=\"{&quot;background_background&quot;:&quot;classic&quot;}\">\n\t\t\t<div class=\"elementor-widget-wrap elementor-element-populated\">\n\t\t\t\t\t\t<div class=\"elementor-element elementor-element-b433385 elementor-widget elementor-widget-naturosinglecontactinfo\" data-id=\"b433385\" data-element_type=\"widget\" data-e-type=\"widget\" data-widget_type=\"naturosinglecontactinfo.default\">\n\t\t\t\t<div class=\"elementor-widget-container\">\n\t\t\t\t\t<!-----------------------Start Features Area-----------------------><div class=\"info-bg mb-30\"><div class=\"info-box text-center\"><div class=\"icon\"><i class=\"flaticon-email\"><\/i><\/div><h4 class=\"h4 mb-4\">Email Address<\/h4><div class=\"info-list\"><a class=\"fs-16 d-block mb-1 text-body\" href=\"mailto:escapadehuskimo@outlook.com\">escapadehuskimo@outlook.com<\/a><\/div><\/div><\/div><!-----------------------End Features Area----------------------->\t\t\t\t<\/div>\n\t\t\t\t<\/div>\n\t\t\t\t\t<\/div>\n\t\t<\/div>\n\t\t\t\t\t<\/div>\n\t\t<\/section>\n\t\t\t\t\t<\/div>\n\t\t<\/div>\n\t\t\t\t\t<\/div>\n\t\t<\/section>\n\t\t\t\t<section class=\"elementor-section elementor-top-section elementor-element elementor-element-3070942 elementor-section-full_width elementor-section-height-default elementor-section-height-default\" data-id=\"3070942\" data-element_type=\"section\" data-e-type=\"section\">\n\t\t\t\t\t\t<div class=\"elementor-container elementor-column-gap-no\">\n\t\t\t\t\t<div class=\"elementor-column elementor-col-100 elementor-top-column elementor-element elementor-element-f3f51e5\" data-id=\"f3f51e5\" data-element_type=\"column\" data-e-type=\"column\">\n\t\t\t<div class=\"elementor-widget-wrap elementor-element-populated\">\n\t\t\t\t\t\t<div class=\"elementor-element elementor-element-d416cdd elementor-widget elementor-widget-google_maps\" data-id=\"d416cdd\" data-element_type=\"widget\" data-e-type=\"widget\" data-widget_type=\"google_maps.default\">\n\t\t\t\t<div class=\"elementor-widget-container\">\n\t\t\t\t\t\t\t<div class=\"elementor-custom-embed\">\n\t\t\t<iframe loading=\"lazy\"\n\t\t\t\t\tsrc=\"https:\/\/maps.google.com\/maps?q=1378%2C%20route%20301%2C%20Otter%20Lake%2C%20Qc%2C&#038;t=m&#038;z=12&#038;output=embed&#038;iwloc=near\"\n\t\t\t\t\ttitle=\"1378, route 301, Otter Lake, Qc,\"\n\t\t\t\t\taria-label=\"1378, route 301, Otter Lake, Qc,\"\n\t\t\t><\/iframe>\n\t\t<\/div>\n\t\t\t\t\t\t<\/div>\n\t\t\t\t<\/div>\n\t\t\t\t\t<\/div>\n\t\t<\/div>\n\t\t\t\t\t<\/div>\n\t\t<\/section>\n\t\t\t\t<\/div>\n\t\t","protected":false},"excerpt":{"rendered":"<p>\u00c9crivez-nous Vous avez des questions ou voulez r\u00e9server ? Adventure TypeForestHillOther Sent Now Directions Pour venir depuis Ottawa\/Gatineau\u00a0: \u00c0 partir de la rue King Edward vous pouvez traverser au\u00a0Quebec. Suivez les indications pour la\u00a0Route 5 Nord.\u00a0Vous devez vous rendre jusqu&#8217;\u00e0 la\u00a0fin\u00a0de cette route \u00e0\u00a0Wakefield. La route devient ensuite la\u00a0105 Nord. Continuez sur cette route jusqu&#8217;\u00e0&#8230;<\/p>\n","protected":false},"author":1,"featured_media":0,"parent":0,"menu_order":0,"comment_status":"closed","ping_status":"closed","template":"template-builder.php","meta":{"_monsterinsights_skip_tracking":false,"_monsterinsights_sitenote_active":false,"_monsterinsights_sitenote_note":"","_monsterinsights_sitenote_category":0,"footnotes":""},"class_list":["post-1474","page","type-page","status-publish","hentry"],"aioseo_notices":[],"_links":{"self":[{"href":"https:\/\/lavalleedesrosiers.com\/fr\/wp-json\/wp\/v2\/pages\/1474","targetHints":{"allow":["GET"]}}],"collection":[{"href":"https:\/\/lavalleedesrosiers.com\/fr\/wp-json\/wp\/v2\/pages"}],"about":[{"href":"https:\/\/lavalleedesrosiers.com\/fr\/wp-json\/wp\/v2\/types\/page"}],"author":[{"embeddable":true,"href":"https:\/\/lavalleedesrosiers.com\/fr\/wp-json\/wp\/v2\/users\/1"}],"replies":[{"embeddable":true,"href":"https:\/\/lavalleedesrosiers.com\/fr\/wp-json\/wp\/v2\/comments?post=1474"}],"version-history":[{"count":32,"href":"https:\/\/lavalleedesrosiers.com\/fr\/wp-json\/wp\/v2\/pages\/1474\/revisions"}],"predecessor-version":[{"id":6587,"href":"https:\/\/lavalleedesrosiers.com\/fr\/wp-json\/wp\/v2\/pages\/1474\/revisions\/6587"}],"wp:attachment":[{"href":"https:\/\/lavalleedesrosiers.com\/fr\/wp-json\/wp\/v2\/media?parent=1474"}],"curies":[{"name":"wp","href":"https:\/\/api.w.org\/{rel}","templated":true}]}}