{"id":5130,"date":"2025-04-02T18:25:20","date_gmt":"2025-04-02T18:25:20","guid":{"rendered":"http:\/\/lavalleedesrosiers.com\/?page_id=5130"},"modified":"2025-08-27T14:53:09","modified_gmt":"2025-08-27T14:53:09","slug":"hiver","status":"publish","type":"page","link":"http:\/\/lavalleedesrosiers.com\/fr\/activites\/hiver\/","title":{"rendered":"Hiver"},"content":{"rendered":"\t\t<div data-elementor-type=\"wp-page\" data-elementor-id=\"5130\" class=\"elementor elementor-5130\">\n\t\t\t\t\t\t<section class=\"elementor-section elementor-top-section elementor-element elementor-element-d41af51 elementor-section-full_width elementor-section-height-default elementor-section-height-default\" data-id=\"d41af51\" data-element_type=\"section\" data-e-type=\"section\">\n\t\t\t\t\t\t<div class=\"elementor-container elementor-column-gap-no\">\n\t\t\t\t\t<div class=\"elementor-column elementor-col-100 elementor-top-column elementor-element elementor-element-2941aeb\" data-id=\"2941aeb\" data-element_type=\"column\" data-e-type=\"column\">\n\t\t\t<div class=\"elementor-widget-wrap elementor-element-populated\">\n\t\t\t\t\t\t<div class=\"elementor-element elementor-element-1b7b7c1 elementor-widget elementor-widget-naturoserviceslider\" data-id=\"1b7b7c1\" data-element_type=\"widget\" data-e-type=\"widget\" data-widget_type=\"naturoserviceslider.default\">\n\t\t\t\t<div class=\"elementor-widget-container\">\n\t\t\t\t\t<!-----------------------Start Serivice Slider Area-----------------------><div class=\"vs-services\"><div class=\"container\"><div class=\"position-relative\"><div class=\"row align-items-center vs-service-no-slider\"><div class=\"col-lg-4 col-md-6\"><div class=\"vs-services-box mb-30\"><div class=\"vs-services-thumb text-center\"><img decoding=\"async\" src=\"http:\/\/lavalleedesrosiers.com\/wp-content\/uploads\/2025\/06\/event.jpg\" alt=\"event\"  \/><\/div><div class=\"vs-services-content\"><h4 class=\"sec-title1 title-color fw-bold mb-15\"><a href=\"\/salle-devenements\/\">Salle d&#039;\u00e9v\u00e8nements<\/a><\/h4><p><span style=\"font-weight: 400\">Id\u00e9ale pour des mariages intimes, des r\u00e9unions et Team building, retraite, etc. dans un cadre sc\u00e9nique. Capacit\u00e9 de 50 personnes. Permis de boissons sur place.<\/span><\/p><a href=\"\/salle-devenements\/\" class=\"link-btn\">En savoir plus<i class=\"fal fa-long-arrow-right\"><\/i><\/a><\/div><\/div><\/div><div class=\"col-lg-4 col-md-6\"><div class=\"vs-services-box mb-30\"><div class=\"vs-services-thumb text-center\"><img decoding=\"async\" src=\"http:\/\/lavalleedesrosiers.com\/wp-content\/uploads\/2025\/04\/woocommerce-placeholder-e1743703948629.png\" alt=\"woocommerce placeholder e1743703948629\"  \/><\/div><div class=\"vs-services-content\"><h4 class=\"sec-title1 title-color fw-bold mb-15\"><a href=\"\/activites\/hiver\/glissades\/\">Glissades<\/a><\/h4><p>Venez vous amuser avec des glissades !<\/p><a href=\"\/activites\/hiver\/glissades\/\" class=\"link-btn\">En savoir plus<i class=\"fal fa-long-arrow-right\"><\/i><\/a><\/div><\/div><\/div><div class=\"col-lg-4 col-md-6\"><div class=\"vs-services-box mb-30\"><div class=\"vs-services-thumb text-center\"><img decoding=\"async\" src=\"http:\/\/lavalleedesrosiers.com\/wp-content\/uploads\/2025\/04\/woocommerce-placeholder-e1743703948629.png\" alt=\"woocommerce placeholder e1743703948629\"  \/><\/div><div class=\"vs-services-content\"><h4 class=\"sec-title1 title-color fw-bold mb-15\"><a href=\"\/activites\/hiver\/raquette\/\">Raquette<\/a><\/h4><p>Essayez-vous \u00e0 la raquette pour un grand bol d'air frais !<\/p><a href=\"\/activites\/hiver\/raquette\/\" class=\"link-btn\">En savoir plus<i class=\"fal fa-long-arrow-right\"><\/i><\/a><\/div><\/div><\/div><div class=\"col-lg-4 col-md-6\"><div class=\"vs-services-box mb-30\"><div class=\"vs-services-thumb text-center\"><img decoding=\"async\" src=\"http:\/\/lavalleedesrosiers.com\/wp-content\/uploads\/2025\/04\/woocommerce-placeholder-e1743703948629.png\" alt=\"woocommerce placeholder e1743703948629\"  \/><\/div><div class=\"vs-services-content\"><h4 class=\"sec-title1 title-color fw-bold mb-15\"><a href=\"\/activites\/hiver\/rencontrez-nos-huskies\/\">Rencontrez nos huskies<\/a><\/h4><p>Rencontrez nos huskies pour une promenade magique !<\/p><a href=\"\/activites\/hiver\/rencontrez-nos-huskies\/\" class=\"link-btn\">En savoir plus<i class=\"fal fa-long-arrow-right\"><\/i><\/a><\/div><\/div><\/div><div class=\"col-lg-4 col-md-6\"><div class=\"vs-services-box mb-30\"><div class=\"vs-services-thumb text-center\"><img decoding=\"async\" src=\"http:\/\/lavalleedesrosiers.com\/wp-content\/uploads\/2025\/04\/woocommerce-placeholder-e1743703948629.png\" alt=\"woocommerce placeholder e1743703948629\"  \/><\/div><div class=\"vs-services-content\"><h4 class=\"sec-title1 title-color fw-bold mb-15\"><a href=\"\/activites\/hiver\/spa-interieur-et-salle-de-jeux\/\">Spa int\u00e9rieur et salle de jeux<\/a><\/h4><p>Venez vous amuser ! Table de billard, ping-pong, jeux de soci\u00e9t\u00e9 et console Xbox.<\/p><a href=\"\/activites\/hiver\/spa-interieur-et-salle-de-jeux\/\" class=\"link-btn\">En savoir plus<i class=\"fal fa-long-arrow-right\"><\/i><\/a><\/div><\/div><\/div><\/div><\/div><\/div><\/div>\t\t\t\t<\/div>\n\t\t\t\t<\/div>\n\t\t\t\t\t<\/div>\n\t\t<\/div>\n\t\t\t\t\t<\/div>\n\t\t<\/section>\n\t\t\t\t<section class=\"elementor-section elementor-top-section elementor-element elementor-element-f605acf elementor-section-full_width elementor-section-height-default elementor-section-height-default\" data-id=\"f605acf\" data-element_type=\"section\" data-e-type=\"section\" data-settings=\"{&quot;background_background&quot;:&quot;classic&quot;}\">\n\t\t\t\t\t\t<div class=\"elementor-container elementor-column-gap-no\">\n\t\t\t\t\t<div class=\"elementor-column elementor-col-100 elementor-top-column elementor-element elementor-element-3c0602e\" data-id=\"3c0602e\" data-element_type=\"column\" data-e-type=\"column\">\n\t\t\t<div class=\"elementor-widget-wrap elementor-element-populated\">\n\t\t\t\t\t\t<section class=\"elementor-section elementor-inner-section elementor-element elementor-element-4ac8210 elementor-section-boxed elementor-section-height-default elementor-section-height-default\" data-id=\"4ac8210\" data-element_type=\"section\" data-e-type=\"section\">\n\t\t\t\t\t\t<div class=\"elementor-container elementor-column-gap-no\">\n\t\t\t\t\t<div class=\"elementor-column elementor-col-50 elementor-inner-column elementor-element elementor-element-d64af74\" data-id=\"d64af74\" data-element_type=\"column\" data-e-type=\"column\">\n\t\t\t<div class=\"elementor-widget-wrap elementor-element-populated\">\n\t\t\t\t\t\t<div class=\"elementor-element elementor-element-98858e0 elementor-widget elementor-widget-naturosectiontitle\" data-id=\"98858e0\" data-element_type=\"widget\" data-e-type=\"widget\" data-widget_type=\"naturosectiontitle.default\">\n\t\t\t\t<div class=\"elementor-widget-container\">\n\t\t\t\t\t<div class=\"section-title\" ><span class=\"sec-title1 subtitle-selector\">Activit\u00e9<\/span><h2 class=\"sec-title2 text-title2 mt-1 title-selector\">R\u00e9servez d\u00e8s maintenant !<\/h2><\/div>\t\t\t\t<\/div>\n\t\t\t\t<\/div>\n\t\t\t\t\t<\/div>\n\t\t<\/div>\n\t\t\t\t<div class=\"elementor-column elementor-col-50 elementor-inner-column elementor-element elementor-element-4d68540\" data-id=\"4d68540\" data-element_type=\"column\" data-e-type=\"column\">\n\t\t\t<div class=\"elementor-widget-wrap elementor-element-populated\">\n\t\t\t\t\t\t<div class=\"elementor-element elementor-element-a177dce elementor-widget elementor-widget-naturobutton\" data-id=\"a177dce\" data-element_type=\"widget\" data-e-type=\"widget\" data-widget_type=\"naturobutton.default\">\n\t\t\t\t<div class=\"elementor-widget-container\">\n\t\t\t\t\t<!-- Button --><div class=\"btn-wrapper\"><a class=\"vs-btn style-1\" href=\"#\"><span><i class=\"fas fa-phone\"><\/i><\/span> Nous-joindre<\/a><\/div><!-- End Button -->\t\t\t\t<\/div>\n\t\t\t\t<\/div>\n\t\t\t\t\t<\/div>\n\t\t<\/div>\n\t\t\t\t\t<\/div>\n\t\t<\/section>\n\t\t\t\t\t<\/div>\n\t\t<\/div>\n\t\t\t\t\t<\/div>\n\t\t<\/section>\n\t\t\t\t<section class=\"elementor-section elementor-top-section elementor-element elementor-element-eb455fb elementor-section-full_width elementor-section-height-default elementor-section-height-default\" data-id=\"eb455fb\" data-element_type=\"section\" data-e-type=\"section\">\n\t\t\t\t\t\t<div class=\"elementor-container elementor-column-gap-no\">\n\t\t\t\t\t<div class=\"elementor-column elementor-col-100 elementor-top-column elementor-element elementor-element-611bc04\" data-id=\"611bc04\" data-element_type=\"column\" data-e-type=\"column\">\n\t\t\t<div class=\"elementor-widget-wrap elementor-element-populated\">\n\t\t\t\t\t\t<section class=\"elementor-section elementor-inner-section elementor-element elementor-element-8b60441 elementor-section-content-middle elementor-section-boxed elementor-section-height-default elementor-section-height-default\" data-id=\"8b60441\" data-element_type=\"section\" data-e-type=\"section\">\n\t\t\t\t\t\t<div class=\"elementor-container elementor-column-gap-no\">\n\t\t\t\t\t<div class=\"elementor-column elementor-col-50 elementor-inner-column elementor-element elementor-element-b7d724e\" data-id=\"b7d724e\" data-element_type=\"column\" data-e-type=\"column\">\n\t\t\t<div class=\"elementor-widget-wrap elementor-element-populated\">\n\t\t\t\t\t\t<div class=\"elementor-element elementor-element-8d8b976 contact-form-wrapper elementor-widget elementor-widget-naturocontactform\" data-id=\"8d8b976\" data-element_type=\"widget\" data-e-type=\"widget\" data-widget_type=\"naturocontactform.default\">\n\t\t\t\t<div class=\"elementor-widget-container\">\n\t\t\t\t\t<!-- Contact Form --><div class=\"join-form\"><div class=\"join-wrapper\"><div class=\"semi-title-box mb-35\"><h6 class=\"fs-14 fw-medium text-theme mb-2\">\u00c9crivez-nous<\/h6><h4 class=\"text-title mb-35\">Vous avez des questions ou voulez r\u00e9server ?<\/h4><\/div><div class=\"contact-form-box\"><div class=\"contact-form contact-form1\">\n<div class=\"wpcf7 no-js\" id=\"wpcf7-f1103-o1\" lang=\"fr-FR\" dir=\"ltr\" data-wpcf7-id=\"1103\">\n<div class=\"screen-reader-response\"><p role=\"status\" aria-live=\"polite\" aria-atomic=\"true\"><\/p> <ul><\/ul><\/div>\n<form action=\"\/fr\/wp-json\/wp\/v2\/pages\/5130#wpcf7-f1103-o1\" method=\"post\" class=\"wpcf7-form init\" aria-label=\"Formulaire de contact\" novalidate=\"novalidate\" data-status=\"init\">\n<fieldset class=\"hidden-fields-container\"><input type=\"hidden\" name=\"_wpcf7\" value=\"1103\" \/><input type=\"hidden\" name=\"_wpcf7_version\" value=\"6.1.5\" \/><input type=\"hidden\" name=\"_wpcf7_locale\" value=\"fr_FR\" \/><input type=\"hidden\" name=\"_wpcf7_unit_tag\" value=\"wpcf7-f1103-o1\" \/><input type=\"hidden\" name=\"_wpcf7_container_post\" value=\"0\" \/><input type=\"hidden\" name=\"_wpcf7_posted_data_hash\" value=\"\" \/>\n<\/fieldset>\n<div class=\"row g-4\"><div class=\"col-lg-6 col-md-6\"><div class=\"input-box\"><span class=\"wpcf7-form-control-wrap\" data-name=\"text-685\"><input size=\"40\" maxlength=\"400\" class=\"wpcf7-form-control wpcf7-text wpcf7-validates-as-required form-control\" id=\"text-685\" aria-required=\"true\" aria-invalid=\"false\" placeholder=\"Votre nom\" value=\"\" type=\"text\" name=\"text-685\" \/><\/span><i class=\"fal fa-user\"><\/i><\/div><\/div>\n<div class=\"col-lg-6 col-md-6\"><div class=\"input-box ib-2\"><span class=\"wpcf7-form-control-wrap\" data-name=\"email-698\"><input size=\"40\" maxlength=\"400\" class=\"wpcf7-form-control wpcf7-email wpcf7-validates-as-required wpcf7-text wpcf7-validates-as-email form-control\" id=\"email-698\" aria-required=\"true\" aria-invalid=\"false\" placeholder=\"Adresse email\" value=\"\" type=\"email\" name=\"email-698\" \/><\/span><i class=\"fal fa-envelope\"><\/i><\/div><\/div>\n<div class=\"col-lg-6 col-md-6\"><div class=\"input-box ib-3\"><span class=\"wpcf7-form-control-wrap\" data-name=\"text-980\"><input size=\"40\" maxlength=\"400\" class=\"wpcf7-form-control wpcf7-text form-control\" id=\"text-980\" aria-invalid=\"false\" placeholder=\"S\u00e9lectionnez l&#039;emplacement\" value=\"\" type=\"text\" name=\"text-980\" \/><\/span><i class=\"fal fa-map-marker-alt\"><\/i><\/div><\/div>\n<div class=\"col-lg-6 col-md-6\"><div class=\"input-box ib-4\"><span class=\"wpcf7-form-control-wrap\" data-name=\"menu-397\"><select class=\"wpcf7-form-control wpcf7-select form-control\" id=\"menu-397\" aria-invalid=\"false\" name=\"menu-397\"><option value=\"Printemps\">Printemps<\/option><option value=\"\u00c9t\u00e9\">\u00c9t\u00e9<\/option><option value=\"Automne\">Automne<\/option><option value=\"Hiver\">Hiver<\/option><\/select><\/span><i class=\"fal fa-chevron-down\"><\/i><\/div><\/div>\n<div class=\"col-12\"><div class=\"input-box ib-5 mb-10\"><span class=\"wpcf7-form-control-wrap\" data-name=\"textarea-457\"><textarea cols=\"40\" rows=\"10\" maxlength=\"2000\" class=\"wpcf7-form-control wpcf7-textarea wpcf7-validates-as-required form-control\" id=\"textarea-457\" aria-required=\"true\" aria-invalid=\"false\" placeholder=\"D\u00e9crivez votre plan\" name=\"textarea-457\"><\/textarea><\/span><i class=\"fal fa-comment-lines\"><\/i><\/div><\/div>\n<div class=\"col-12\"><button type=\"submit\" class=\"vs-btn wpcf7-submit\"><i class=\"fal fa-paper-plane\"><\/i> Envoy\u00e9 maintenant<\/button><\/div><\/div><div class=\"wpcf7-response-output\" aria-hidden=\"true\"><\/div>\n<\/form>\n<\/div>\n<p class=\"form-messages mt-20 mb-0\"><\/p><\/div><\/div><\/div><\/div>\t\t\t\t<\/div>\n\t\t\t\t<\/div>\n\t\t\t\t\t<\/div>\n\t\t<\/div>\n\t\t\t\t<div class=\"elementor-column elementor-col-50 elementor-inner-column elementor-element elementor-element-a6a1553\" data-id=\"a6a1553\" data-element_type=\"column\" data-e-type=\"column\">\n\t\t\t<div class=\"elementor-widget-wrap elementor-element-populated\">\n\t\t\t\t\t\t<div class=\"elementor-element elementor-element-4ab856c elementor-widget elementor-widget-image\" data-id=\"4ab856c\" data-element_type=\"widget\" data-e-type=\"widget\" data-widget_type=\"image.default\">\n\t\t\t\t<div class=\"elementor-widget-container\">\n\t\t\t\t\t\t\t\t\t\t\t\t\t\t\t<img fetchpriority=\"high\" decoding=\"async\" width=\"631\" height=\"647\" src=\"http:\/\/lavalleedesrosiers.com\/wp-content\/uploads\/2025\/04\/chalet.jpg\" class=\"attachment-full size-full wp-image-5892\" alt=\"\" srcset=\"http:\/\/lavalleedesrosiers.com\/wp-content\/uploads\/2025\/04\/chalet.jpg 631w, http:\/\/lavalleedesrosiers.com\/wp-content\/uploads\/2025\/04\/chalet-293x300.jpg 293w, http:\/\/lavalleedesrosiers.com\/wp-content\/uploads\/2025\/04\/chalet-600x615.jpg 600w\" sizes=\"(max-width: 631px) 100vw, 631px\" \/>\t\t\t\t\t\t\t\t\t\t\t\t\t\t\t<\/div>\n\t\t\t\t<\/div>\n\t\t\t\t\t<\/div>\n\t\t<\/div>\n\t\t\t\t\t<\/div>\n\t\t<\/section>\n\t\t\t\t\t<\/div>\n\t\t<\/div>\n\t\t\t\t\t<\/div>\n\t\t<\/section>\n\t\t\t\t<\/div>\n\t\t","protected":false},"excerpt":{"rendered":"<p>Salle d&#039;\u00e9v\u00e8nements Id\u00e9ale pour des mariages intimes, des r\u00e9unions et Team building, retraite, etc. dans un cadre sc\u00e9nique. Capacit\u00e9 de 50 personnes. Permis de boissons sur place. En savoir plus Glissades Venez vous amuser avec des glissades ! En savoir plus Raquette Essayez-vous \u00e0 la raquette pour un grand bol d&#8217;air frais ! En savoir&#8230;<\/p>\n","protected":false},"author":1,"featured_media":0,"parent":2151,"menu_order":0,"comment_status":"closed","ping_status":"closed","template":"template-builder.php","meta":{"_monsterinsights_skip_tracking":false,"_monsterinsights_sitenote_active":false,"_monsterinsights_sitenote_note":"","_monsterinsights_sitenote_category":0,"footnotes":""},"class_list":["post-5130","page","type-page","status-publish","hentry"],"aioseo_notices":[],"_links":{"self":[{"href":"http:\/\/lavalleedesrosiers.com\/fr\/wp-json\/wp\/v2\/pages\/5130","targetHints":{"allow":["GET"]}}],"collection":[{"href":"http:\/\/lavalleedesrosiers.com\/fr\/wp-json\/wp\/v2\/pages"}],"about":[{"href":"http:\/\/lavalleedesrosiers.com\/fr\/wp-json\/wp\/v2\/types\/page"}],"author":[{"embeddable":true,"href":"http:\/\/lavalleedesrosiers.com\/fr\/wp-json\/wp\/v2\/users\/1"}],"replies":[{"embeddable":true,"href":"http:\/\/lavalleedesrosiers.com\/fr\/wp-json\/wp\/v2\/comments?post=5130"}],"version-history":[{"count":29,"href":"http:\/\/lavalleedesrosiers.com\/fr\/wp-json\/wp\/v2\/pages\/5130\/revisions"}],"predecessor-version":[{"id":6636,"href":"http:\/\/lavalleedesrosiers.com\/fr\/wp-json\/wp\/v2\/pages\/5130\/revisions\/6636"}],"up":[{"embeddable":true,"href":"http:\/\/lavalleedesrosiers.com\/fr\/wp-json\/wp\/v2\/pages\/2151"}],"wp:attachment":[{"href":"http:\/\/lavalleedesrosiers.com\/fr\/wp-json\/wp\/v2\/media?parent=5130"}],"curies":[{"name":"wp","href":"https:\/\/api.w.org\/{rel}","templated":true}]}}