{"id":2118,"date":"2021-12-14T04:44:52","date_gmt":"2021-12-14T04:44:52","guid":{"rendered":"https:\/\/wordpress.vecurosoft.com\/naturo\/?page_id=2118"},"modified":"2025-12-23T16:12:35","modified_gmt":"2025-12-23T16:12:35","slug":"detente-et-relaxation","status":"publish","type":"page","link":"http:\/\/lavalleedesrosiers.com\/fr\/detente-et-relaxation\/","title":{"rendered":"Relaxation and confort"},"content":{"rendered":"\t\t<div data-elementor-type=\"wp-page\" data-elementor-id=\"2118\" class=\"elementor elementor-2118\">\n\t\t\t\t<div class=\"elementor-element elementor-element-ef84128 e-flex e-con-boxed e-con e-parent\" data-id=\"ef84128\" data-element_type=\"container\" data-e-type=\"container\" data-settings=\"{&quot;background_background&quot;:&quot;classic&quot;}\">\n\t\t\t\t\t<div class=\"e-con-inner\">\n\t\t<div class=\"elementor-element elementor-element-a5fbc3f e-con-full e-flex e-con e-child\" data-id=\"a5fbc3f\" data-element_type=\"container\" data-e-type=\"container\">\n\t\t\t\t<div class=\"elementor-element elementor-element-9b33c65 elementor-widget elementor-widget-naturomegahover\" data-id=\"9b33c65\" data-element_type=\"widget\" data-e-type=\"widget\" data-widget_type=\"naturomegahover.default\">\n\t\t\t\t<div class=\"elementor-widget-container\">\n\t\t\t\t\t<div class=\"mega-img-box\"><div class=\"img-1\"><div class=\"mega-hover\"><img decoding=\"async\" src=\"http:\/\/lavalleedesrosiers.com\/wp-content\/uploads\/2025\/04\/sauna.jpg\" alt=\"sauna\"  class=\"w-100\" \/><\/div><\/div><\/div>\t\t\t\t<\/div>\n\t\t\t\t<\/div>\n\t\t\t\t<\/div>\n\t\t<div class=\"elementor-element elementor-element-6702c74 e-con-full e-flex e-con e-child\" data-id=\"6702c74\" data-element_type=\"container\" data-e-type=\"container\">\n\t\t\t\t<div class=\"elementor-element elementor-element-4c2d998 elementor-widget elementor-widget-naturosectiontitle\" data-id=\"4c2d998\" data-element_type=\"widget\" data-e-type=\"widget\" data-widget_type=\"naturosectiontitle.default\">\n\t\t\t\t<div class=\"elementor-widget-container\">\n\t\t\t\t\t<div class=\"section-title\" ><h4 class=\"sec-title1 subtitle-selector\">D\u00e9tente et relaxation<\/h4><div class=\"sec_line\"><img decoding=\"async\" src=\"https:\/\/wordpress.vecurosoft.com\/huntar\/wp-content\/uploads\/2021\/11\/about-line-1.png\" alt=\"about line 1\"  class=\"mb-4\" \/><\/div><h2 class=\"sec-title2 text-title2 mt-1 title-selector\">Sauna ext\u00e9rieur<\/h2><\/div>\t\t\t\t<\/div>\n\t\t\t\t<\/div>\n\t\t\t\t<div class=\"elementor-element elementor-element-1460007 elementor-widget elementor-widget-text-editor\" data-id=\"1460007\" data-element_type=\"widget\" data-e-type=\"widget\" data-widget_type=\"text-editor.default\">\n\t\t\t\t<div class=\"elementor-widget-container\">\n\t\t\t\t\t\t\t\t\t<p><span style=\"font-weight: 400;\">Disponible avec h\u00e9bergement seulement (chalet en bois rond ou chambre au lodge)<\/span><\/p><ul><li><span style=\"font-weight: 400;\">100 $ + tx par personne\u00a0<\/span><\/li><li><span style=\"font-weight: 400;\">50 $ + tx par personne avec h\u00e9bergement<\/span><\/li><\/ul>\t\t\t\t\t\t\t\t<\/div>\n\t\t\t\t<\/div>\n\t\t\t\t<\/div>\n\t\t\t\t\t<\/div>\n\t\t\t\t<\/div>\n\t\t<div class=\"elementor-element elementor-element-fb7f1ff e-flex e-con-boxed e-con e-parent\" data-id=\"fb7f1ff\" data-element_type=\"container\" data-e-type=\"container\" data-settings=\"{&quot;background_background&quot;:&quot;classic&quot;}\">\n\t\t\t\t\t<div class=\"e-con-inner\">\n\t\t<div class=\"elementor-element elementor-element-631e053 e-con-full e-flex e-con e-child\" data-id=\"631e053\" data-element_type=\"container\" data-e-type=\"container\">\n\t\t\t\t<div class=\"elementor-element elementor-element-c24adb1 elementor-widget elementor-widget-naturosectiontitle\" data-id=\"c24adb1\" data-element_type=\"widget\" data-e-type=\"widget\" data-widget_type=\"naturosectiontitle.default\">\n\t\t\t\t<div class=\"elementor-widget-container\">\n\t\t\t\t\t<div class=\"section-title\" ><h4 class=\"sec-title1 subtitle-selector\">D\u00e9tente et relaxation<\/h4><div class=\"sec_line\"><img decoding=\"async\" src=\"https:\/\/wordpress.vecurosoft.com\/huntar\/wp-content\/uploads\/2021\/11\/about-line-1.png\" alt=\"about line 1\"  class=\"mb-4\" \/><\/div><h2 class=\"sec-title2 text-title2 mt-1 title-selector\">Salle de jeux<\/h2><\/div>\t\t\t\t<\/div>\n\t\t\t\t<\/div>\n\t\t\t\t<div class=\"elementor-element elementor-element-51a3e96 elementor-widget elementor-widget-text-editor\" data-id=\"51a3e96\" data-element_type=\"widget\" data-e-type=\"widget\" data-widget_type=\"text-editor.default\">\n\t\t\t\t<div class=\"elementor-widget-container\">\n\t\t\t\t\t\t\t\t\t<p><span style=\"font-weight: 400;\">Table de billard, ping-pong, jeux de soci\u00e9t\u00e9 et console Xbox.<\/span><\/p><ul><li><span style=\"font-weight: 400;\">100 $ + tx par personne (enfants 10 ans et plus) sans l\u2019h\u00e9bergement<\/span><\/li><li><span style=\"font-weight: 400;\">50 $ + tx par personne (enfants 10 ans et plus) avec l\u2019h\u00e9bergement<\/span><\/li><\/ul><p><span style=\"font-weight: 400;\">Rabais applicable si +4 personnes <\/span><\/p>\t\t\t\t\t\t\t\t<\/div>\n\t\t\t\t<\/div>\n\t\t\t\t<\/div>\n\t\t<div class=\"elementor-element elementor-element-a8656f4 e-con-full e-flex e-con e-child\" data-id=\"a8656f4\" data-element_type=\"container\" data-e-type=\"container\">\n\t\t\t\t<div class=\"elementor-element elementor-element-6ea22bb elementor-widget elementor-widget-naturomegahover\" data-id=\"6ea22bb\" data-element_type=\"widget\" data-e-type=\"widget\" data-widget_type=\"naturomegahover.default\">\n\t\t\t\t<div class=\"elementor-widget-container\">\n\t\t\t\t\t<div class=\"mega-img-box\"><div class=\"img-1\"><div class=\"mega-hover\"><img decoding=\"async\" src=\"http:\/\/lavalleedesrosiers.com\/wp-content\/uploads\/2025\/06\/0Z9_7114-scaled.jpg\" alt=\"0Z9_7114 scaled\"  class=\"w-100\" \/><\/div><\/div><\/div>\t\t\t\t<\/div>\n\t\t\t\t<\/div>\n\t\t\t\t<\/div>\n\t\t\t\t\t<\/div>\n\t\t\t\t<\/div>\n\t\t<div class=\"elementor-element elementor-element-1603721 e-flex e-con-boxed e-con e-parent\" data-id=\"1603721\" data-element_type=\"container\" data-e-type=\"container\" data-settings=\"{&quot;background_background&quot;:&quot;classic&quot;}\">\n\t\t\t\t\t<div class=\"e-con-inner\">\n\t\t<div class=\"elementor-element elementor-element-9e67c73 e-con-full e-flex e-con e-child\" data-id=\"9e67c73\" data-element_type=\"container\" data-e-type=\"container\">\n\t\t\t\t<div class=\"elementor-element elementor-element-fcc6cce elementor-widget elementor-widget-naturomegahover\" data-id=\"fcc6cce\" data-element_type=\"widget\" data-e-type=\"widget\" data-widget_type=\"naturomegahover.default\">\n\t\t\t\t<div class=\"elementor-widget-container\">\n\t\t\t\t\t<div class=\"mega-img-box\"><div class=\"img-1\"><div class=\"mega-hover\"><img decoding=\"async\" src=\"http:\/\/lavalleedesrosiers.com\/wp-content\/uploads\/2025\/06\/0Z9_6973-1-scaled.jpg\" alt=\"0Z9_6973 1 scaled\"  class=\"w-100\" \/><\/div><\/div><\/div>\t\t\t\t<\/div>\n\t\t\t\t<\/div>\n\t\t\t\t<\/div>\n\t\t<div class=\"elementor-element elementor-element-63ea740 e-con-full e-flex e-con e-child\" data-id=\"63ea740\" data-element_type=\"container\" data-e-type=\"container\">\n\t\t\t\t<div class=\"elementor-element elementor-element-74ff53d elementor-widget elementor-widget-naturosectiontitle\" data-id=\"74ff53d\" data-element_type=\"widget\" data-e-type=\"widget\" data-widget_type=\"naturosectiontitle.default\">\n\t\t\t\t<div class=\"elementor-widget-container\">\n\t\t\t\t\t<div class=\"section-title\" ><h4 class=\"sec-title1 subtitle-selector\">D\u00e9tente et relaxation<\/h4><div class=\"sec_line\"><img decoding=\"async\" src=\"https:\/\/wordpress.vecurosoft.com\/huntar\/wp-content\/uploads\/2021\/11\/about-line-1.png\" alt=\"about line 1\"  class=\"mb-4\" \/><\/div><h2 class=\"sec-title2 text-title2 mt-1 title-selector\">Autre Activit\u00e9s<\/h2><\/div>\t\t\t\t<\/div>\n\t\t\t\t<\/div>\n\t\t\t\t<div class=\"elementor-element elementor-element-81711d5 gallery-spacing-custom elementor-widget elementor-widget-image-gallery\" data-id=\"81711d5\" data-element_type=\"widget\" data-e-type=\"widget\" data-widget_type=\"image-gallery.default\">\n\t\t\t\t<div class=\"elementor-widget-container\">\n\t\t\t\t\t\t\t<div class=\"elementor-image-gallery\">\n\t\t\t<div id='gallery-1' class='gallery galleryid-2118 gallery-columns-5 gallery-size-thumbnail'><figure class='gallery-item'>\n\t\t\t<div class='gallery-icon landscape'>\n\t\t\t\t<a data-elementor-open-lightbox=\"yes\" data-elementor-lightbox-slideshow=\"81711d5\" data-elementor-lightbox-title=\"0Z9_7114\" data-e-action-hash=\"#elementor-action%3Aaction%3Dlightbox%26settings%3DeyJpZCI6NjEyMiwidXJsIjoiaHR0cDpcL1wvbGF2YWxsZWVkZXNyb3NpZXJzLmNvbVwvd3AtY29udGVudFwvdXBsb2Fkc1wvMjAyNVwvMDZcLzBaOV83MTE0LXNjYWxlZC5qcGciLCJzbGlkZXNob3ciOiI4MTcxMWQ1In0%3D\" href='http:\/\/lavalleedesrosiers.com\/wp-content\/uploads\/2025\/06\/0Z9_7114-scaled.jpg'><img decoding=\"async\" width=\"150\" height=\"150\" src=\"http:\/\/lavalleedesrosiers.com\/wp-content\/uploads\/2025\/06\/0Z9_7114-150x150.jpg\" class=\"attachment-thumbnail size-thumbnail\" alt=\"\" srcset=\"http:\/\/lavalleedesrosiers.com\/wp-content\/uploads\/2025\/06\/0Z9_7114-150x150.jpg 150w, http:\/\/lavalleedesrosiers.com\/wp-content\/uploads\/2025\/06\/0Z9_7114-300x300.jpg 300w, http:\/\/lavalleedesrosiers.com\/wp-content\/uploads\/2025\/06\/0Z9_7114-100x100.jpg 100w, http:\/\/lavalleedesrosiers.com\/wp-content\/uploads\/2025\/06\/0Z9_7114-460x460.jpg 460w\" sizes=\"(max-width: 150px) 100vw, 150px\" \/><\/a>\n\t\t\t<\/div><\/figure><figure class='gallery-item'>\n\t\t\t<div class='gallery-icon landscape'>\n\t\t\t\t<a data-elementor-open-lightbox=\"yes\" data-elementor-lightbox-slideshow=\"81711d5\" data-elementor-lightbox-title=\"0Z9_7133\" data-e-action-hash=\"#elementor-action%3Aaction%3Dlightbox%26settings%3DeyJpZCI6NjEyMCwidXJsIjoiaHR0cDpcL1wvbGF2YWxsZWVkZXNyb3NpZXJzLmNvbVwvd3AtY29udGVudFwvdXBsb2Fkc1wvMjAyNVwvMDZcLzBaOV83MTMzLXNjYWxlZC5qcGciLCJzbGlkZXNob3ciOiI4MTcxMWQ1In0%3D\" href='http:\/\/lavalleedesrosiers.com\/wp-content\/uploads\/2025\/06\/0Z9_7133-scaled.jpg'><img decoding=\"async\" width=\"150\" height=\"150\" src=\"http:\/\/lavalleedesrosiers.com\/wp-content\/uploads\/2025\/06\/0Z9_7133-150x150.jpg\" class=\"attachment-thumbnail size-thumbnail\" alt=\"\" srcset=\"http:\/\/lavalleedesrosiers.com\/wp-content\/uploads\/2025\/06\/0Z9_7133-150x150.jpg 150w, http:\/\/lavalleedesrosiers.com\/wp-content\/uploads\/2025\/06\/0Z9_7133-300x300.jpg 300w, http:\/\/lavalleedesrosiers.com\/wp-content\/uploads\/2025\/06\/0Z9_7133-100x100.jpg 100w, http:\/\/lavalleedesrosiers.com\/wp-content\/uploads\/2025\/06\/0Z9_7133-460x460.jpg 460w\" sizes=\"(max-width: 150px) 100vw, 150px\" \/><\/a>\n\t\t\t<\/div><\/figure><figure class='gallery-item'>\n\t\t\t<div class='gallery-icon landscape'>\n\t\t\t\t<a data-elementor-open-lightbox=\"yes\" data-elementor-lightbox-slideshow=\"81711d5\" data-elementor-lightbox-title=\"0Z9_7139 (1)\" data-e-action-hash=\"#elementor-action%3Aaction%3Dlightbox%26settings%3DeyJpZCI6NjExOCwidXJsIjoiaHR0cDpcL1wvbGF2YWxsZWVkZXNyb3NpZXJzLmNvbVwvd3AtY29udGVudFwvdXBsb2Fkc1wvMjAyNVwvMDZcLzBaOV83MTM5LTEtc2NhbGVkLmpwZyIsInNsaWRlc2hvdyI6IjgxNzExZDUifQ%3D%3D\" href='http:\/\/lavalleedesrosiers.com\/wp-content\/uploads\/2025\/06\/0Z9_7139-1-scaled.jpg'><img decoding=\"async\" width=\"150\" height=\"150\" src=\"http:\/\/lavalleedesrosiers.com\/wp-content\/uploads\/2025\/06\/0Z9_7139-1-150x150.jpg\" class=\"attachment-thumbnail size-thumbnail\" alt=\"\" srcset=\"http:\/\/lavalleedesrosiers.com\/wp-content\/uploads\/2025\/06\/0Z9_7139-1-150x150.jpg 150w, http:\/\/lavalleedesrosiers.com\/wp-content\/uploads\/2025\/06\/0Z9_7139-1-300x300.jpg 300w, http:\/\/lavalleedesrosiers.com\/wp-content\/uploads\/2025\/06\/0Z9_7139-1-100x100.jpg 100w, http:\/\/lavalleedesrosiers.com\/wp-content\/uploads\/2025\/06\/0Z9_7139-1-460x460.jpg 460w\" sizes=\"(max-width: 150px) 100vw, 150px\" \/><\/a>\n\t\t\t<\/div><\/figure><figure class='gallery-item'>\n\t\t\t<div class='gallery-icon landscape'>\n\t\t\t\t<a data-elementor-open-lightbox=\"yes\" data-elementor-lightbox-slideshow=\"81711d5\" data-elementor-lightbox-title=\"0Z9_7061\" data-e-action-hash=\"#elementor-action%3Aaction%3Dlightbox%26settings%3DeyJpZCI6NjEzMywidXJsIjoiaHR0cDpcL1wvbGF2YWxsZWVkZXNyb3NpZXJzLmNvbVwvd3AtY29udGVudFwvdXBsb2Fkc1wvMjAyNVwvMDZcLzBaOV83MDYxLXNjYWxlZC5qcGciLCJzbGlkZXNob3ciOiI4MTcxMWQ1In0%3D\" href='http:\/\/lavalleedesrosiers.com\/wp-content\/uploads\/2025\/06\/0Z9_7061-scaled.jpg'><img loading=\"lazy\" decoding=\"async\" width=\"150\" height=\"150\" src=\"http:\/\/lavalleedesrosiers.com\/wp-content\/uploads\/2025\/06\/0Z9_7061-150x150.jpg\" class=\"attachment-thumbnail size-thumbnail\" alt=\"\" srcset=\"http:\/\/lavalleedesrosiers.com\/wp-content\/uploads\/2025\/06\/0Z9_7061-150x150.jpg 150w, http:\/\/lavalleedesrosiers.com\/wp-content\/uploads\/2025\/06\/0Z9_7061-300x300.jpg 300w, http:\/\/lavalleedesrosiers.com\/wp-content\/uploads\/2025\/06\/0Z9_7061-100x100.jpg 100w, http:\/\/lavalleedesrosiers.com\/wp-content\/uploads\/2025\/06\/0Z9_7061-460x460.jpg 460w\" sizes=\"(max-width: 150px) 100vw, 150px\" \/><\/a>\n\t\t\t<\/div><\/figure>\n\t\t<\/div>\n\t\t<\/div>\n\t\t\t\t\t\t<\/div>\n\t\t\t\t<\/div>\n\t\t\t\t<\/div>\n\t\t\t\t\t<\/div>\n\t\t\t\t<\/div>\n\t\t\t\t<\/div>\n\t\t","protected":false},"excerpt":{"rendered":"<p>D\u00e9tente et relaxation Sauna ext\u00e9rieur Disponible avec h\u00e9bergement seulement (chalet en bois rond ou chambre au lodge) 100 $ + tx par personne\u00a0 50 $ + tx par personne avec h\u00e9bergement D\u00e9tente et relaxation Salle de jeux Table de billard, ping-pong, jeux de soci\u00e9t\u00e9 et console Xbox. 100 $ + tx par personne (enfants 10&#8230;<\/p>\n","protected":false},"author":1,"featured_media":0,"parent":0,"menu_order":0,"comment_status":"closed","ping_status":"closed","template":"template-builder.php","meta":{"_monsterinsights_skip_tracking":false,"_monsterinsights_sitenote_active":false,"_monsterinsights_sitenote_note":"","_monsterinsights_sitenote_category":0,"footnotes":""},"class_list":["post-2118","page","type-page","status-publish","hentry"],"aioseo_notices":[],"_links":{"self":[{"href":"http:\/\/lavalleedesrosiers.com\/fr\/wp-json\/wp\/v2\/pages\/2118","targetHints":{"allow":["GET"]}}],"collection":[{"href":"http:\/\/lavalleedesrosiers.com\/fr\/wp-json\/wp\/v2\/pages"}],"about":[{"href":"http:\/\/lavalleedesrosiers.com\/fr\/wp-json\/wp\/v2\/types\/page"}],"author":[{"embeddable":true,"href":"http:\/\/lavalleedesrosiers.com\/fr\/wp-json\/wp\/v2\/users\/1"}],"replies":[{"embeddable":true,"href":"http:\/\/lavalleedesrosiers.com\/fr\/wp-json\/wp\/v2\/comments?post=2118"}],"version-history":[{"count":33,"href":"http:\/\/lavalleedesrosiers.com\/fr\/wp-json\/wp\/v2\/pages\/2118\/revisions"}],"predecessor-version":[{"id":6792,"href":"http:\/\/lavalleedesrosiers.com\/fr\/wp-json\/wp\/v2\/pages\/2118\/revisions\/6792"}],"wp:attachment":[{"href":"http:\/\/lavalleedesrosiers.com\/fr\/wp-json\/wp\/v2\/media?parent=2118"}],"curies":[{"name":"wp","href":"https:\/\/api.w.org\/{rel}","templated":true}]}}